{"id":1836,"date":"2014-04-30T10:26:17","date_gmt":"2014-04-30T08:26:17","guid":{"rendered":"https:\/\/blikopdepolder.nl\/umgebung\/das-gruene-herz\/"},"modified":"2022-11-17T11:28:06","modified_gmt":"2022-11-17T10:28:06","slug":"das-gruene-herz","status":"publish","type":"page","link":"https:\/\/blikopdepolder.nl\/de\/umgebung\/das-gruene-herz\/","title":{"rendered":"Das Gr\u00fcne Herz"},"content":{"rendered":"\n<style type=\"text\/css\" data-created_by=\"avia_inline_auto\" id=\"style-css-av-l9obb7mg-6654750258da0e09a466be93e208bf80\">\n.avia-section.av-l9obb7mg-6654750258da0e09a466be93e208bf80 .av-parallax .av-parallax-inner{\nbackground-repeat:no-repeat;\nbackground-image:url(https:\/\/blikopdepolder.nl\/wp-content\/uploads\/2014\/04\/Blikopdepolder-groenehart-water-overnachten.jpg);\nbackground-position:50% 50%;\nbackground-attachment:scroll;\n}\n<\/style>\n<div id='av_section_1'  class='avia-section av-l9obb7mg-6654750258da0e09a466be93e208bf80 main_color avia-section-default avia-no-border-styling  avia-builder-el-0  el_before_av_one_full  avia-builder-el-first  av-parallax-section avia-bg-style-parallax av-minimum-height av-minimum-height-50 av-height-50  container_wrap fullsize'  data-section-bg-repeat='no-repeat' data-av_minimum_height_pc='50' data-av_min_height_opt='50'><div class='av-parallax' data-avia-parallax-ratio='0.3' ><div class='av-parallax-inner main_color avia-full-stretch'><\/div><\/div><div class='container av-section-cont-open' ><main  role=\"main\" itemprop=\"mainContentOfPage\"  class='template-page content  av-content-full alpha units'><div class='post-entry post-entry-type-page post-entry-1836'><div class='entry-content-wrapper clearfix'><\/div><\/div><\/main><!-- close content main element --><\/div><\/div><div id='after_section_1'  class='main_color av_default_container_wrap container_wrap fullsize'  ><div class='container av-section-cont-open' ><div class='template-page content  av-content-full alpha units'><div class='post-entry post-entry-type-page post-entry-1836'><div class='entry-content-wrapper clearfix'>\n<div  class='flex_column av-2q64x-6d10571f4f9ea1887dfdb39d7bdac481 av_one_full  avia-builder-el-1  el_after_av_section  el_before_av_one_third  avia-builder-el-first  first flex_column_div  '     ><style type=\"text\/css\" data-created_by=\"avia_inline_auto\" id=\"style-css-av-l9obc46s-391cacf39c554160cbb6518e0d2be0ed\">\n#top .av-special-heading.av-l9obc46s-391cacf39c554160cbb6518e0d2be0ed{\npadding-bottom:10px;\n}\nbody .av-special-heading.av-l9obc46s-391cacf39c554160cbb6518e0d2be0ed .av-special-heading-tag .heading-char{\nfont-size:25px;\n}\n.av-special-heading.av-l9obc46s-391cacf39c554160cbb6518e0d2be0ed .av-subheading{\nfont-size:15px;\n}\n<\/style>\n<div  class='av-special-heading av-l9obc46s-391cacf39c554160cbb6518e0d2be0ed av-special-heading-h2 blockquote modern-quote  avia-builder-el-2  avia-builder-el-no-sibling '><h2 class='av-special-heading-tag '  itemprop=\"headline\"  >Blikopdepolder &#8211; das Gr\u00fcne Herz<\/h2><div class=\"special-heading-border\"><div class=\"special-heading-inner-border\"><\/div><\/div><\/div><\/div>\n\n<style type=\"text\/css\" data-created_by=\"avia_inline_auto\" id=\"style-css-av-l9obdvnr-d696cd91527cc755c37f389dc327b864\">\n.flex_column.av-l9obdvnr-d696cd91527cc755c37f389dc327b864{\npadding:40px 30px 40px 30px;\nbackground-color:#3277aa;\n}\n<\/style>\n<div  class='flex_column av-l9obdvnr-d696cd91527cc755c37f389dc327b864 av_one_third  avia-builder-el-3  el_after_av_one_full  el_before_av_two_third  first flex_column_div  column-top-margin'     ><p>\n<style type=\"text\/css\" data-created_by=\"avia_inline_auto\" id=\"style-css-av-l9obg8hq-0f1e1bf7d0726012ddb3050c8b998fa0\">\n#top .av_textblock_section.av-l9obg8hq-0f1e1bf7d0726012ddb3050c8b998fa0 .avia_textblock{\ncolor:#ffffff;\n}\n<\/style>\n<section  class='av_textblock_section av-l9obg8hq-0f1e1bf7d0726012ddb3050c8b998fa0 '   itemscope=\"itemscope\" itemtype=\"https:\/\/schema.org\/CreativeWork\" ><div class='avia_textblock av_inherit_color'  itemprop=\"text\" ><p>Das Gebiet zwischen den Gro\u00dfst\u00e4dten Amsterdam, Rotterdam, Utrecht und Den Haag wird &#8222;das Gr\u00fcne Herz&#8220; genannt. Eine Umgebung mit viel Gr\u00fcn, Wasser und vielen Erholungsm\u00f6glichkeiten.<\/p>\n<\/div><\/section><br \/>\n\n<style type=\"text\/css\" data-created_by=\"avia_inline_auto\" id=\"style-css-av-2cyr1-1e29731a44a1c6343498c9113cec8283\">\n#top .hr.hr-invisible.av-2cyr1-1e29731a44a1c6343498c9113cec8283{\nheight:30px;\n}\n<\/style>\n<div  class='hr av-2cyr1-1e29731a44a1c6343498c9113cec8283 hr-invisible  avia-builder-el-5  el_after_av_textblock  el_before_av_image '><span class='hr-inner '><span class=\"hr-inner-style\"><\/span><\/span><\/div><br \/>\n\n<style type=\"text\/css\" data-created_by=\"avia_inline_auto\" id=\"style-css-av-1969l-469e9abb25685438b25b3099b0bd928f\">\n.avia-image-container.av-1969l-469e9abb25685438b25b3099b0bd928f img.avia_image{\nbox-shadow:none;\n}\n.avia-image-container.av-1969l-469e9abb25685438b25b3099b0bd928f .av-image-caption-overlay-center{\ncolor:#ffffff;\n}\n<\/style>\n<div  class='avia-image-container av-1969l-469e9abb25685438b25b3099b0bd928f av-styling- avia-align-center  avia-builder-el-6  el_after_av_hr  avia-builder-el-last '   itemprop=\"image\" itemscope=\"itemscope\" itemtype=\"https:\/\/schema.org\/ImageObject\" ><div class=\"avia-image-container-inner\"><div class=\"avia-image-overlay-wrap\"><img decoding=\"async\" fetchpriority=\"high\" class='wp-image-1647 avia-img-lazy-loading-not-1647 avia_image ' src=\"https:\/\/blikopdepolder.nl\/wp-content\/uploads\/2014\/04\/Blikopdepolder-uitzicht-weilanden-vakantie-300x225.jpg\" alt='' title='Blikopdepolder-uitzicht-weilanden-vakantie'  height=\"225\" width=\"300\"  itemprop=\"thumbnailUrl\" srcset=\"https:\/\/blikopdepolder.nl\/wp-content\/uploads\/2014\/04\/Blikopdepolder-uitzicht-weilanden-vakantie-300x225.jpg 300w, https:\/\/blikopdepolder.nl\/wp-content\/uploads\/2014\/04\/Blikopdepolder-uitzicht-weilanden-vakantie-768x576.jpg 768w, https:\/\/blikopdepolder.nl\/wp-content\/uploads\/2014\/04\/Blikopdepolder-uitzicht-weilanden-vakantie.jpg 800w\" sizes=\"(max-width: 300px) 100vw, 300px\" \/><\/div><\/div><\/div><\/p><\/div><div  class='flex_column av-13ax9-67a86e75fe8416edb9cae0ab216cf3e9 av_two_third  avia-builder-el-7  el_after_av_one_third  avia-builder-el-last  flex_column_div  column-top-margin'     ><section  class='av_textblock_section av-l9obcvp6-77611860d8ccdd2425a89bb2dfe302cb '   itemscope=\"itemscope\" itemtype=\"https:\/\/schema.org\/CreativeWork\" ><div class='avia_textblock'  itemprop=\"text\" ><h3>Das Entstehen des Gr\u00fcnen Herzens<\/h3>\n<p>Im Laufe der Jahrhunderte entwickelte sich in diesem Gebiet eine dicke, feuchte Torfschicht. Die geringe Tragf\u00e4higkeit des Bodens machte ihn f\u00fcr die Bebauung ungeeignet, aber er war f\u00fcr die Landwirtschaft und den Torfabbau geeignet. Um 1600\/1700 entstanden die St\u00e4dte rund um das Gr\u00fcne Herz. Das dazwischen liegende Gebiet war Teil des starken Verteidigungswerks der Dutch Waterline.<\/p>\n<h3>Spielplatz der Randstad<\/h3>\n<p>Jetzt wird das Gr\u00fcne Herz als Spielplatz der Randstad angesehen. Die weite und offene Landschaft bietet wie kein anderes Gebiet Platz zum Erholen, Entspannen, \u00dcbernachten und Genie\u00dfen der sch\u00f6nen Natur. Angesichts des st\u00e4dtischen Drucks rund um das Gr\u00fcne Herz konzentriert sich die Regierungspolitik nun darauf, das Gebiet offen zu halten und es nicht mit Stra\u00dfen und Eisenbahnlinien zu \u00fcberziehen. Damit auch die n\u00e4chste Generation diesen sch\u00f6nen Teil der Niederlande genie\u00dfen kann.<\/p>\n<h3>Kamerik<\/h3>\n<p>Im Gr\u00fcnen Herzen liegt das Dorf Kamerik. Das Dorf wurde um das 10. Jahrhundert herum urbar gemacht. Der Bischof von Utrecht lie\u00df um diese Zeit die ersten Torfmoore abtrocknen. Die Kamerikse wetering ist zum Beispiel einer der ersten Entw\u00e4sserungskan\u00e4le, an dem sich sp\u00e4ter die ersten Bandsiedlungen entwickelten. Heute hat das Dorf Kamerik etwa 3 500 Einwohner.<\/p>\n<\/div><\/section><\/div><\/p>\n","protected":false},"excerpt":{"rendered":"","protected":false},"author":2,"featured_media":1647,"parent":1824,"menu_order":0,"comment_status":"closed","ping_status":"closed","template":"","meta":{"footnotes":""},"class_list":["post-1836","page","type-page","status-publish","has-post-thumbnail","hentry"],"yoast_head":"<!-- This site is optimized with the Yoast SEO plugin v27.4 - https:\/\/yoast.com\/product\/yoast-seo-wordpress\/ -->\n<title>Das Gr\u00fcne Herz - Blik op de Polder<\/title>\n<meta name=\"robots\" content=\"index, follow, max-snippet:-1, max-image-preview:large, max-video-preview:-1\" \/>\n<link rel=\"canonical\" href=\"https:\/\/blikopdepolder.nl\/de\/umgebung\/das-gruene-herz\/\" \/>\n<meta property=\"og:locale\" content=\"de_DE\" \/>\n<meta property=\"og:type\" content=\"article\" \/>\n<meta property=\"og:title\" content=\"Das Gr\u00fcne Herz - Blik op de Polder\" \/>\n<meta property=\"og:url\" content=\"https:\/\/blikopdepolder.nl\/de\/umgebung\/das-gruene-herz\/\" \/>\n<meta property=\"og:site_name\" content=\"Blik op de Polder\" \/>\n<meta property=\"article:publisher\" content=\"https:\/\/www.facebook.com\/blikopdepolder\" \/>\n<meta property=\"article:modified_time\" content=\"2022-11-17T10:28:06+00:00\" \/>\n<meta property=\"og:image\" content=\"https:\/\/blikopdepolder.nl\/wp-content\/uploads\/2014\/04\/Blikopdepolder-uitzicht-weilanden-vakantie.jpg\" \/>\n\t<meta property=\"og:image:width\" content=\"800\" \/>\n\t<meta property=\"og:image:height\" content=\"600\" \/>\n\t<meta property=\"og:image:type\" content=\"image\/jpeg\" \/>\n<meta name=\"twitter:card\" content=\"summary_large_image\" \/>\n<meta name=\"twitter:label1\" content=\"Gesch\u00e4tzte Lesezeit\" \/>\n\t<meta name=\"twitter:data1\" content=\"12\u00a0Minuten\" \/>\n<script type=\"application\/ld+json\" class=\"yoast-schema-graph\">{\"@context\":\"https:\\\/\\\/schema.org\",\"@graph\":[{\"@type\":\"WebPage\",\"@id\":\"https:\\\/\\\/blikopdepolder.nl\\\/de\\\/umgebung\\\/das-gruene-herz\\\/\",\"url\":\"https:\\\/\\\/blikopdepolder.nl\\\/de\\\/umgebung\\\/das-gruene-herz\\\/\",\"name\":\"Das Gr\u00fcne Herz - Blik op de Polder\",\"isPartOf\":{\"@id\":\"https:\\\/\\\/blikopdepolder.nl\\\/de\\\/#website\"},\"primaryImageOfPage\":{\"@id\":\"https:\\\/\\\/blikopdepolder.nl\\\/de\\\/umgebung\\\/das-gruene-herz\\\/#primaryimage\"},\"image\":{\"@id\":\"https:\\\/\\\/blikopdepolder.nl\\\/de\\\/umgebung\\\/das-gruene-herz\\\/#primaryimage\"},\"thumbnailUrl\":\"https:\\\/\\\/blikopdepolder.nl\\\/wp-content\\\/uploads\\\/2014\\\/04\\\/Blikopdepolder-uitzicht-weilanden-vakantie.jpg\",\"datePublished\":\"2014-04-30T08:26:17+00:00\",\"dateModified\":\"2022-11-17T10:28:06+00:00\",\"breadcrumb\":{\"@id\":\"https:\\\/\\\/blikopdepolder.nl\\\/de\\\/umgebung\\\/das-gruene-herz\\\/#breadcrumb\"},\"inLanguage\":\"de\",\"potentialAction\":[{\"@type\":\"ReadAction\",\"target\":[\"https:\\\/\\\/blikopdepolder.nl\\\/de\\\/umgebung\\\/das-gruene-herz\\\/\"]}]},{\"@type\":\"ImageObject\",\"inLanguage\":\"de\",\"@id\":\"https:\\\/\\\/blikopdepolder.nl\\\/de\\\/umgebung\\\/das-gruene-herz\\\/#primaryimage\",\"url\":\"https:\\\/\\\/blikopdepolder.nl\\\/wp-content\\\/uploads\\\/2014\\\/04\\\/Blikopdepolder-uitzicht-weilanden-vakantie.jpg\",\"contentUrl\":\"https:\\\/\\\/blikopdepolder.nl\\\/wp-content\\\/uploads\\\/2014\\\/04\\\/Blikopdepolder-uitzicht-weilanden-vakantie.jpg\",\"width\":800,\"height\":600},{\"@type\":\"BreadcrumbList\",\"@id\":\"https:\\\/\\\/blikopdepolder.nl\\\/de\\\/umgebung\\\/das-gruene-herz\\\/#breadcrumb\",\"itemListElement\":[{\"@type\":\"ListItem\",\"position\":1,\"name\":\"Home\",\"item\":\"https:\\\/\\\/blikopdepolder.nl\\\/de\\\/wohnungen-blikopdepolder-im-gruenen-herzen\\\/\"},{\"@type\":\"ListItem\",\"position\":2,\"name\":\"Umgebung\",\"item\":\"https:\\\/\\\/blikopdepolder.nl\\\/de\\\/umgebung\\\/\"},{\"@type\":\"ListItem\",\"position\":3,\"name\":\"Das Gr\u00fcne Herz\"}]},{\"@type\":\"WebSite\",\"@id\":\"https:\\\/\\\/blikopdepolder.nl\\\/de\\\/#website\",\"url\":\"https:\\\/\\\/blikopdepolder.nl\\\/de\\\/\",\"name\":\"Blik op de Polder\",\"description\":\"Sfeervol overnachten in het Groene Hart\",\"potentialAction\":[{\"@type\":\"SearchAction\",\"target\":{\"@type\":\"EntryPoint\",\"urlTemplate\":\"https:\\\/\\\/blikopdepolder.nl\\\/de\\\/?s={search_term_string}\"},\"query-input\":{\"@type\":\"PropertyValueSpecification\",\"valueRequired\":true,\"valueName\":\"search_term_string\"}}],\"inLanguage\":\"de\"}]}<\/script>\n<!-- \/ Yoast SEO plugin. -->","yoast_head_json":{"title":"Das Gr\u00fcne Herz - Blik op de Polder","robots":{"index":"index","follow":"follow","max-snippet":"max-snippet:-1","max-image-preview":"max-image-preview:large","max-video-preview":"max-video-preview:-1"},"canonical":"https:\/\/blikopdepolder.nl\/de\/umgebung\/das-gruene-herz\/","og_locale":"de_DE","og_type":"article","og_title":"Das Gr\u00fcne Herz - Blik op de Polder","og_url":"https:\/\/blikopdepolder.nl\/de\/umgebung\/das-gruene-herz\/","og_site_name":"Blik op de Polder","article_publisher":"https:\/\/www.facebook.com\/blikopdepolder","article_modified_time":"2022-11-17T10:28:06+00:00","og_image":[{"width":800,"height":600,"url":"https:\/\/blikopdepolder.nl\/wp-content\/uploads\/2014\/04\/Blikopdepolder-uitzicht-weilanden-vakantie.jpg","type":"image\/jpeg"}],"twitter_card":"summary_large_image","twitter_misc":{"Gesch\u00e4tzte Lesezeit":"12\u00a0Minuten"},"schema":{"@context":"https:\/\/schema.org","@graph":[{"@type":"WebPage","@id":"https:\/\/blikopdepolder.nl\/de\/umgebung\/das-gruene-herz\/","url":"https:\/\/blikopdepolder.nl\/de\/umgebung\/das-gruene-herz\/","name":"Das Gr\u00fcne Herz - Blik op de Polder","isPartOf":{"@id":"https:\/\/blikopdepolder.nl\/de\/#website"},"primaryImageOfPage":{"@id":"https:\/\/blikopdepolder.nl\/de\/umgebung\/das-gruene-herz\/#primaryimage"},"image":{"@id":"https:\/\/blikopdepolder.nl\/de\/umgebung\/das-gruene-herz\/#primaryimage"},"thumbnailUrl":"https:\/\/blikopdepolder.nl\/wp-content\/uploads\/2014\/04\/Blikopdepolder-uitzicht-weilanden-vakantie.jpg","datePublished":"2014-04-30T08:26:17+00:00","dateModified":"2022-11-17T10:28:06+00:00","breadcrumb":{"@id":"https:\/\/blikopdepolder.nl\/de\/umgebung\/das-gruene-herz\/#breadcrumb"},"inLanguage":"de","potentialAction":[{"@type":"ReadAction","target":["https:\/\/blikopdepolder.nl\/de\/umgebung\/das-gruene-herz\/"]}]},{"@type":"ImageObject","inLanguage":"de","@id":"https:\/\/blikopdepolder.nl\/de\/umgebung\/das-gruene-herz\/#primaryimage","url":"https:\/\/blikopdepolder.nl\/wp-content\/uploads\/2014\/04\/Blikopdepolder-uitzicht-weilanden-vakantie.jpg","contentUrl":"https:\/\/blikopdepolder.nl\/wp-content\/uploads\/2014\/04\/Blikopdepolder-uitzicht-weilanden-vakantie.jpg","width":800,"height":600},{"@type":"BreadcrumbList","@id":"https:\/\/blikopdepolder.nl\/de\/umgebung\/das-gruene-herz\/#breadcrumb","itemListElement":[{"@type":"ListItem","position":1,"name":"Home","item":"https:\/\/blikopdepolder.nl\/de\/wohnungen-blikopdepolder-im-gruenen-herzen\/"},{"@type":"ListItem","position":2,"name":"Umgebung","item":"https:\/\/blikopdepolder.nl\/de\/umgebung\/"},{"@type":"ListItem","position":3,"name":"Das Gr\u00fcne Herz"}]},{"@type":"WebSite","@id":"https:\/\/blikopdepolder.nl\/de\/#website","url":"https:\/\/blikopdepolder.nl\/de\/","name":"Blik op de Polder","description":"Sfeervol overnachten in het Groene Hart","potentialAction":[{"@type":"SearchAction","target":{"@type":"EntryPoint","urlTemplate":"https:\/\/blikopdepolder.nl\/de\/?s={search_term_string}"},"query-input":{"@type":"PropertyValueSpecification","valueRequired":true,"valueName":"search_term_string"}}],"inLanguage":"de"}]}},"_links":{"self":[{"href":"https:\/\/blikopdepolder.nl\/de\/wp-json\/wp\/v2\/pages\/1836","targetHints":{"allow":["GET"]}}],"collection":[{"href":"https:\/\/blikopdepolder.nl\/de\/wp-json\/wp\/v2\/pages"}],"about":[{"href":"https:\/\/blikopdepolder.nl\/de\/wp-json\/wp\/v2\/types\/page"}],"author":[{"embeddable":true,"href":"https:\/\/blikopdepolder.nl\/de\/wp-json\/wp\/v2\/users\/2"}],"replies":[{"embeddable":true,"href":"https:\/\/blikopdepolder.nl\/de\/wp-json\/wp\/v2\/comments?post=1836"}],"version-history":[{"count":2,"href":"https:\/\/blikopdepolder.nl\/de\/wp-json\/wp\/v2\/pages\/1836\/revisions"}],"predecessor-version":[{"id":1838,"href":"https:\/\/blikopdepolder.nl\/de\/wp-json\/wp\/v2\/pages\/1836\/revisions\/1838"}],"up":[{"embeddable":true,"href":"https:\/\/blikopdepolder.nl\/de\/wp-json\/wp\/v2\/pages\/1824"}],"wp:featuredmedia":[{"embeddable":true,"href":"https:\/\/blikopdepolder.nl\/de\/wp-json\/wp\/v2\/media\/1647"}],"wp:attachment":[{"href":"https:\/\/blikopdepolder.nl\/de\/wp-json\/wp\/v2\/media?parent=1836"}],"curies":[{"name":"wp","href":"https:\/\/api.w.org\/{rel}","templated":true}]}}