{"id":1830,"date":"2014-04-30T10:26:31","date_gmt":"2014-04-30T08:26:31","guid":{"rendered":"https:\/\/blikopdepolder.nl\/umgebung\/der-bauernhof\/"},"modified":"2022-11-17T11:27:24","modified_gmt":"2022-11-17T10:27:24","slug":"der-bauernhof","status":"publish","type":"page","link":"https:\/\/blikopdepolder.nl\/de\/umgebung\/der-bauernhof\/","title":{"rendered":"Der Bauernhof"},"content":{"rendered":"\n<style type=\"text\/css\" data-created_by=\"avia_inline_auto\" id=\"style-css-av-1ytvn-c265e9fbf40ef5db1b3e7dba5c3af55b\">\n.avia-section.av-1ytvn-c265e9fbf40ef5db1b3e7dba5c3af55b .av-parallax .av-parallax-inner{\nbackground-repeat:no-repeat;\nbackground-image:url(https:\/\/blikopdepolder.nl\/wp-content\/uploads\/2014\/04\/Blikopdepolder-boerderij-groen-verblijf1.jpg);\nbackground-position:50% 0%;\nbackground-attachment:scroll;\n}\n<\/style>\n<div id='av_section_1'  class='avia-section av-1ytvn-c265e9fbf40ef5db1b3e7dba5c3af55b main_color avia-section-default avia-no-border-styling  avia-builder-el-0  el_before_av_one_full  avia-builder-el-first  av-parallax-section avia-bg-style-parallax av-minimum-height av-minimum-height-50 av-height-50  container_wrap fullsize'  data-section-bg-repeat='no-repeat' data-av_minimum_height_pc='50' data-av_min_height_opt='50'><div class='av-parallax' data-avia-parallax-ratio='0.3' ><div class='av-parallax-inner main_color avia-full-stretch'><\/div><\/div><div class='container av-section-cont-open' ><main  role=\"main\" itemprop=\"mainContentOfPage\"  class='template-page content  av-content-full alpha units'><div class='post-entry post-entry-type-page post-entry-1830'><div class='entry-content-wrapper clearfix'><\/div><\/div><\/main><!-- close content main element --><\/div><\/div><div id='after_section_1'  class='main_color av_default_container_wrap container_wrap fullsize'  ><div class='container av-section-cont-open' ><div class='template-page content  av-content-full alpha units'><div class='post-entry post-entry-type-page post-entry-1830'><div class='entry-content-wrapper clearfix'>\n<div  class='flex_column av-1ove3-be15bff4ffea5aeb3be7317d9f7bd223 av_one_full  avia-builder-el-1  el_after_av_section  el_before_av_one_third  avia-builder-el-first  first flex_column_div  '     ><style type=\"text\/css\" data-created_by=\"avia_inline_auto\" id=\"style-css-av-l9obmiy4-9d964e85a1ac7809d1668b3ccec2d057\">\n#top .av-special-heading.av-l9obmiy4-9d964e85a1ac7809d1668b3ccec2d057{\npadding-bottom:10px;\n}\nbody .av-special-heading.av-l9obmiy4-9d964e85a1ac7809d1668b3ccec2d057 .av-special-heading-tag .heading-char{\nfont-size:25px;\n}\n.av-special-heading.av-l9obmiy4-9d964e85a1ac7809d1668b3ccec2d057 .av-subheading{\nfont-size:15px;\n}\n<\/style>\n<div  class='av-special-heading av-l9obmiy4-9d964e85a1ac7809d1668b3ccec2d057 av-special-heading-h2 blockquote modern-quote  avia-builder-el-2  avia-builder-el-no-sibling '><h2 class='av-special-heading-tag '  itemprop=\"headline\"  >Blikopdepolder &#8211; Der Bauernhof<\/h2><div class=\"special-heading-border\"><div class=\"special-heading-inner-border\"><\/div><\/div><\/div><\/div>\n\n<style type=\"text\/css\" data-created_by=\"avia_inline_auto\" id=\"style-css-av-l9obkkwn-0fe93f71a652705ea1e2306bc4ad7540\">\n.flex_column.av-l9obkkwn-0fe93f71a652705ea1e2306bc4ad7540{\npadding:40px 30px 40px 30px;\nbackground-color:#3277aa;\n}\n<\/style>\n<div  class='flex_column av-l9obkkwn-0fe93f71a652705ea1e2306bc4ad7540 av_one_third  avia-builder-el-3  el_after_av_one_full  el_before_av_two_third  first flex_column_div  column-top-margin'     ><p>\n<style type=\"text\/css\" data-created_by=\"avia_inline_auto\" id=\"style-css-av-l9obp871-fc124c2392ecb611c01f95d783688064\">\n#top .av_textblock_section.av-l9obp871-fc124c2392ecb611c01f95d783688064 .avia_textblock{\ncolor:#ffffff;\n}\n<\/style>\n<section  class='av_textblock_section av-l9obp871-fc124c2392ecb611c01f95d783688064 '   itemscope=\"itemscope\" itemtype=\"https:\/\/schema.org\/CreativeWork\" ><div class='avia_textblock av_inherit_color'  itemprop=\"text\" ><p>Die Wohnungen und die Poldersuite befinden sich auf dem Gel\u00e4nde des Bauernhofs der Familie Kooijman inmitten des Gebiets &#8222;das Gr\u00fcne Herz&#8220;.<\/p>\n<\/div><\/section><br \/>\n\n<style type=\"text\/css\" data-created_by=\"avia_inline_auto\" id=\"style-css-av-l9obl75f-4faa740504bfa88dbd4d4b310898a399\">\n#top .hr.hr-invisible.av-l9obl75f-4faa740504bfa88dbd4d4b310898a399{\nheight:30px;\n}\n<\/style>\n<div  class='hr av-l9obl75f-4faa740504bfa88dbd4d4b310898a399 hr-invisible  avia-builder-el-5  el_after_av_textblock  el_before_av_image '><span class='hr-inner '><span class=\"hr-inner-style\"><\/span><\/span><\/div><br \/>\n\n<style type=\"text\/css\" data-created_by=\"avia_inline_auto\" id=\"style-css-av-l9obq69n-e76427ae42dea37063be25dce5568873\">\n.avia-image-container.av-l9obq69n-e76427ae42dea37063be25dce5568873 img.avia_image{\nbox-shadow:none;\n}\n.avia-image-container.av-l9obq69n-e76427ae42dea37063be25dce5568873 .av-image-caption-overlay-center{\ncolor:#ffffff;\n}\n<\/style>\n<div  class='avia-image-container av-l9obq69n-e76427ae42dea37063be25dce5568873 av-styling- avia-align-center  avia-builder-el-6  el_after_av_hr  avia-builder-el-last '   itemprop=\"image\" itemscope=\"itemscope\" itemtype=\"https:\/\/schema.org\/ImageObject\" ><div class=\"avia-image-container-inner\"><div class=\"avia-image-overlay-wrap\"><img decoding=\"async\" fetchpriority=\"high\" class='wp-image-1725 avia-img-lazy-loading-not-1725 avia_image ' src=\"https:\/\/blikopdepolder.nl\/wp-content\/uploads\/2018\/07\/vinkeveense-plassen-utrecht-nederland-200707_boot_in_polderlandschap_b.jpg\" alt='' title='vinkeveense-plassen-utrecht-nederland-200707_boot_in_polderlandschap_b'  height=\"210\" width=\"280\"  itemprop=\"thumbnailUrl\"  \/><\/div><\/div><\/div><\/p><\/div>\n<div  class='flex_column av-uzmb-f56a7479d2218d94a659054af54e2c91 av_two_third  avia-builder-el-7  el_after_av_one_third  avia-builder-el-last  flex_column_div  column-top-margin'     ><section  class='av_textblock_section av-l9objia4-99e9136193f102c177dd885a84b3a163 '   itemscope=\"itemscope\" itemtype=\"https:\/\/schema.org\/CreativeWork\" ><div class='avia_textblock'  itemprop=\"text\" ><h3>Bio<\/h3>\n<p>Wir sind ein Bio-Milchziegenbetrieb mit 33 Hektar Gr\u00fcnland. Bei sch\u00f6nem Wetter kann man die Ziegen drau\u00dfen auf der Wiese laufen sehen. Neben dem Melken der Ziegen wird dem Wildtiermanagement gro\u00dfe Aufmerksamkeit gewidmet. Dazu geh\u00f6rt der Schutz von Wiesenv\u00f6geln und verschiedenen Pflanzenarten. Naturbewirtschaftung und \u00f6kologischer Landbau sind eine gute Kombination.<\/p>\n<h3>Pflanzen und Tiere<\/h3>\n<p>Da der Hof seit 20 Jahren ohne Kunstd\u00fcnger und Pestizide arbeitet, gedeihen Tiere und Pflanzen pr\u00e4chtig. Jedes Jahr kehren die V\u00f6gel zur\u00fcck, um zu br\u00fcten und ihre Jungen aufzuziehen. Au\u00dferdem ist das Grasland eine bunte Mischung aus verschiedenen Pflanzen und Kr\u00e4utern.<\/p>\n<\/div><\/section><\/div>\n","protected":false},"excerpt":{"rendered":"","protected":false},"author":2,"featured_media":1725,"parent":1824,"menu_order":0,"comment_status":"closed","ping_status":"closed","template":"","meta":{"footnotes":""},"class_list":["post-1830","page","type-page","status-publish","has-post-thumbnail","hentry"],"yoast_head":"<!-- This site is optimized with the Yoast SEO plugin v27.3 - https:\/\/yoast.com\/product\/yoast-seo-wordpress\/ -->\n<title>Der Bauernhof - Blik op de Polder<\/title>\n<meta name=\"robots\" content=\"index, follow, max-snippet:-1, max-image-preview:large, max-video-preview:-1\" \/>\n<link rel=\"canonical\" href=\"https:\/\/blikopdepolder.nl\/de\/umgebung\/der-bauernhof\/\" \/>\n<meta property=\"og:locale\" content=\"de_DE\" \/>\n<meta property=\"og:type\" content=\"article\" \/>\n<meta property=\"og:title\" content=\"Der Bauernhof - Blik op de Polder\" \/>\n<meta property=\"og:url\" content=\"https:\/\/blikopdepolder.nl\/de\/umgebung\/der-bauernhof\/\" \/>\n<meta property=\"og:site_name\" content=\"Blik op de Polder\" \/>\n<meta property=\"article:publisher\" content=\"https:\/\/www.facebook.com\/blikopdepolder\" \/>\n<meta property=\"article:modified_time\" content=\"2022-11-17T10:27:24+00:00\" \/>\n<meta property=\"og:image\" content=\"https:\/\/blikopdepolder.nl\/wp-content\/uploads\/2018\/07\/vinkeveense-plassen-utrecht-nederland-200707_boot_in_polderlandschap_b.jpg\" \/>\n\t<meta property=\"og:image:width\" content=\"280\" \/>\n\t<meta property=\"og:image:height\" content=\"210\" \/>\n\t<meta property=\"og:image:type\" content=\"image\/jpeg\" \/>\n<meta name=\"twitter:card\" content=\"summary_large_image\" \/>\n<meta name=\"twitter:label1\" content=\"Gesch\u00e4tzte Lesezeit\" \/>\n\t<meta name=\"twitter:data1\" content=\"11\u00a0Minuten\" \/>\n<script type=\"application\/ld+json\" class=\"yoast-schema-graph\">{\"@context\":\"https:\\\/\\\/schema.org\",\"@graph\":[{\"@type\":\"WebPage\",\"@id\":\"https:\\\/\\\/blikopdepolder.nl\\\/de\\\/umgebung\\\/der-bauernhof\\\/\",\"url\":\"https:\\\/\\\/blikopdepolder.nl\\\/de\\\/umgebung\\\/der-bauernhof\\\/\",\"name\":\"Der Bauernhof - Blik op de Polder\",\"isPartOf\":{\"@id\":\"https:\\\/\\\/blikopdepolder.nl\\\/de\\\/#website\"},\"primaryImageOfPage\":{\"@id\":\"https:\\\/\\\/blikopdepolder.nl\\\/de\\\/umgebung\\\/der-bauernhof\\\/#primaryimage\"},\"image\":{\"@id\":\"https:\\\/\\\/blikopdepolder.nl\\\/de\\\/umgebung\\\/der-bauernhof\\\/#primaryimage\"},\"thumbnailUrl\":\"https:\\\/\\\/blikopdepolder.nl\\\/wp-content\\\/uploads\\\/2018\\\/07\\\/vinkeveense-plassen-utrecht-nederland-200707_boot_in_polderlandschap_b.jpg\",\"datePublished\":\"2014-04-30T08:26:31+00:00\",\"dateModified\":\"2022-11-17T10:27:24+00:00\",\"breadcrumb\":{\"@id\":\"https:\\\/\\\/blikopdepolder.nl\\\/de\\\/umgebung\\\/der-bauernhof\\\/#breadcrumb\"},\"inLanguage\":\"de\",\"potentialAction\":[{\"@type\":\"ReadAction\",\"target\":[\"https:\\\/\\\/blikopdepolder.nl\\\/de\\\/umgebung\\\/der-bauernhof\\\/\"]}]},{\"@type\":\"ImageObject\",\"inLanguage\":\"de\",\"@id\":\"https:\\\/\\\/blikopdepolder.nl\\\/de\\\/umgebung\\\/der-bauernhof\\\/#primaryimage\",\"url\":\"https:\\\/\\\/blikopdepolder.nl\\\/wp-content\\\/uploads\\\/2018\\\/07\\\/vinkeveense-plassen-utrecht-nederland-200707_boot_in_polderlandschap_b.jpg\",\"contentUrl\":\"https:\\\/\\\/blikopdepolder.nl\\\/wp-content\\\/uploads\\\/2018\\\/07\\\/vinkeveense-plassen-utrecht-nederland-200707_boot_in_polderlandschap_b.jpg\",\"width\":280,\"height\":210},{\"@type\":\"BreadcrumbList\",\"@id\":\"https:\\\/\\\/blikopdepolder.nl\\\/de\\\/umgebung\\\/der-bauernhof\\\/#breadcrumb\",\"itemListElement\":[{\"@type\":\"ListItem\",\"position\":1,\"name\":\"Home\",\"item\":\"https:\\\/\\\/blikopdepolder.nl\\\/de\\\/wohnungen-blikopdepolder-im-gruenen-herzen\\\/\"},{\"@type\":\"ListItem\",\"position\":2,\"name\":\"Umgebung\",\"item\":\"https:\\\/\\\/blikopdepolder.nl\\\/de\\\/umgebung\\\/\"},{\"@type\":\"ListItem\",\"position\":3,\"name\":\"Der Bauernhof\"}]},{\"@type\":\"WebSite\",\"@id\":\"https:\\\/\\\/blikopdepolder.nl\\\/de\\\/#website\",\"url\":\"https:\\\/\\\/blikopdepolder.nl\\\/de\\\/\",\"name\":\"Blik op de Polder\",\"description\":\"Sfeervol overnachten in het Groene Hart\",\"potentialAction\":[{\"@type\":\"SearchAction\",\"target\":{\"@type\":\"EntryPoint\",\"urlTemplate\":\"https:\\\/\\\/blikopdepolder.nl\\\/de\\\/?s={search_term_string}\"},\"query-input\":{\"@type\":\"PropertyValueSpecification\",\"valueRequired\":true,\"valueName\":\"search_term_string\"}}],\"inLanguage\":\"de\"}]}<\/script>\n<!-- \/ Yoast SEO plugin. -->","yoast_head_json":{"title":"Der Bauernhof - Blik op de Polder","robots":{"index":"index","follow":"follow","max-snippet":"max-snippet:-1","max-image-preview":"max-image-preview:large","max-video-preview":"max-video-preview:-1"},"canonical":"https:\/\/blikopdepolder.nl\/de\/umgebung\/der-bauernhof\/","og_locale":"de_DE","og_type":"article","og_title":"Der Bauernhof - Blik op de Polder","og_url":"https:\/\/blikopdepolder.nl\/de\/umgebung\/der-bauernhof\/","og_site_name":"Blik op de Polder","article_publisher":"https:\/\/www.facebook.com\/blikopdepolder","article_modified_time":"2022-11-17T10:27:24+00:00","og_image":[{"width":280,"height":210,"url":"https:\/\/blikopdepolder.nl\/wp-content\/uploads\/2018\/07\/vinkeveense-plassen-utrecht-nederland-200707_boot_in_polderlandschap_b.jpg","type":"image\/jpeg"}],"twitter_card":"summary_large_image","twitter_misc":{"Gesch\u00e4tzte Lesezeit":"11\u00a0Minuten"},"schema":{"@context":"https:\/\/schema.org","@graph":[{"@type":"WebPage","@id":"https:\/\/blikopdepolder.nl\/de\/umgebung\/der-bauernhof\/","url":"https:\/\/blikopdepolder.nl\/de\/umgebung\/der-bauernhof\/","name":"Der Bauernhof - Blik op de Polder","isPartOf":{"@id":"https:\/\/blikopdepolder.nl\/de\/#website"},"primaryImageOfPage":{"@id":"https:\/\/blikopdepolder.nl\/de\/umgebung\/der-bauernhof\/#primaryimage"},"image":{"@id":"https:\/\/blikopdepolder.nl\/de\/umgebung\/der-bauernhof\/#primaryimage"},"thumbnailUrl":"https:\/\/blikopdepolder.nl\/wp-content\/uploads\/2018\/07\/vinkeveense-plassen-utrecht-nederland-200707_boot_in_polderlandschap_b.jpg","datePublished":"2014-04-30T08:26:31+00:00","dateModified":"2022-11-17T10:27:24+00:00","breadcrumb":{"@id":"https:\/\/blikopdepolder.nl\/de\/umgebung\/der-bauernhof\/#breadcrumb"},"inLanguage":"de","potentialAction":[{"@type":"ReadAction","target":["https:\/\/blikopdepolder.nl\/de\/umgebung\/der-bauernhof\/"]}]},{"@type":"ImageObject","inLanguage":"de","@id":"https:\/\/blikopdepolder.nl\/de\/umgebung\/der-bauernhof\/#primaryimage","url":"https:\/\/blikopdepolder.nl\/wp-content\/uploads\/2018\/07\/vinkeveense-plassen-utrecht-nederland-200707_boot_in_polderlandschap_b.jpg","contentUrl":"https:\/\/blikopdepolder.nl\/wp-content\/uploads\/2018\/07\/vinkeveense-plassen-utrecht-nederland-200707_boot_in_polderlandschap_b.jpg","width":280,"height":210},{"@type":"BreadcrumbList","@id":"https:\/\/blikopdepolder.nl\/de\/umgebung\/der-bauernhof\/#breadcrumb","itemListElement":[{"@type":"ListItem","position":1,"name":"Home","item":"https:\/\/blikopdepolder.nl\/de\/wohnungen-blikopdepolder-im-gruenen-herzen\/"},{"@type":"ListItem","position":2,"name":"Umgebung","item":"https:\/\/blikopdepolder.nl\/de\/umgebung\/"},{"@type":"ListItem","position":3,"name":"Der Bauernhof"}]},{"@type":"WebSite","@id":"https:\/\/blikopdepolder.nl\/de\/#website","url":"https:\/\/blikopdepolder.nl\/de\/","name":"Blik op de Polder","description":"Sfeervol overnachten in het Groene Hart","potentialAction":[{"@type":"SearchAction","target":{"@type":"EntryPoint","urlTemplate":"https:\/\/blikopdepolder.nl\/de\/?s={search_term_string}"},"query-input":{"@type":"PropertyValueSpecification","valueRequired":true,"valueName":"search_term_string"}}],"inLanguage":"de"}]}},"_links":{"self":[{"href":"https:\/\/blikopdepolder.nl\/de\/wp-json\/wp\/v2\/pages\/1830","targetHints":{"allow":["GET"]}}],"collection":[{"href":"https:\/\/blikopdepolder.nl\/de\/wp-json\/wp\/v2\/pages"}],"about":[{"href":"https:\/\/blikopdepolder.nl\/de\/wp-json\/wp\/v2\/types\/page"}],"author":[{"embeddable":true,"href":"https:\/\/blikopdepolder.nl\/de\/wp-json\/wp\/v2\/users\/2"}],"replies":[{"embeddable":true,"href":"https:\/\/blikopdepolder.nl\/de\/wp-json\/wp\/v2\/comments?post=1830"}],"version-history":[{"count":2,"href":"https:\/\/blikopdepolder.nl\/de\/wp-json\/wp\/v2\/pages\/1830\/revisions"}],"predecessor-version":[{"id":1832,"href":"https:\/\/blikopdepolder.nl\/de\/wp-json\/wp\/v2\/pages\/1830\/revisions\/1832"}],"up":[{"embeddable":true,"href":"https:\/\/blikopdepolder.nl\/de\/wp-json\/wp\/v2\/pages\/1824"}],"wp:featuredmedia":[{"embeddable":true,"href":"https:\/\/blikopdepolder.nl\/de\/wp-json\/wp\/v2\/media\/1725"}],"wp:attachment":[{"href":"https:\/\/blikopdepolder.nl\/de\/wp-json\/wp\/v2\/media?parent=1830"}],"curies":[{"name":"wp","href":"https:\/\/api.w.org\/{rel}","templated":true}]}}