{"id":1824,"date":"2014-04-22T10:44:52","date_gmt":"2014-04-22T08:44:52","guid":{"rendered":"https:\/\/blikopdepolder.nl\/umgebung\/"},"modified":"2022-11-17T11:26:27","modified_gmt":"2022-11-17T10:26:27","slug":"umgebung","status":"publish","type":"page","link":"https:\/\/blikopdepolder.nl\/de\/umgebung\/","title":{"rendered":"Umgebung"},"content":{"rendered":"\n<style type=\"text\/css\" data-created_by=\"avia_inline_auto\" id=\"style-css-av-l9ob54sa-3e6f5c13cb3c8fb28959b1db673b222a\">\n.avia-section.av-l9ob54sa-3e6f5c13cb3c8fb28959b1db673b222a .av-parallax .av-parallax-inner{\nbackground-repeat:no-repeat;\nbackground-image:url(https:\/\/blikopdepolder.nl\/wp-content\/uploads\/2014\/04\/Blikopdepolder-uitzicht-weilanden-vakantie.jpg);\nbackground-position:50% 50%;\nbackground-attachment:scroll;\n}\n<\/style>\n<div id='av_section_1'  class='avia-section av-l9ob54sa-3e6f5c13cb3c8fb28959b1db673b222a main_color avia-section-default avia-no-border-styling  avia-builder-el-0  el_before_av_one_full  avia-builder-el-first  av-parallax-section avia-bg-style-parallax av-minimum-height av-minimum-height-50 av-height-50  container_wrap fullsize'  data-section-bg-repeat='no-repeat' data-av_minimum_height_pc='50' data-av_min_height_opt='50'><div class='av-parallax' data-avia-parallax-ratio='0.3' ><div class='av-parallax-inner main_color avia-full-stretch'><\/div><\/div><div class='container av-section-cont-open' ><main  role=\"main\" itemprop=\"mainContentOfPage\"  class='template-page content  av-content-full alpha units'><div class='post-entry post-entry-type-page post-entry-1824'><div class='entry-content-wrapper clearfix'><\/div><\/div><\/main><!-- close content main element --><\/div><\/div><div id='after_section_1'  class='main_color av_default_container_wrap container_wrap fullsize'  ><div class='container av-section-cont-open' ><div class='template-page content  av-content-full alpha units'><div class='post-entry post-entry-type-page post-entry-1824'><div class='entry-content-wrapper clearfix'>\n<div  class='flex_column av-syyje-34510e5d586d4de29d74680a24f63413 av_one_full  avia-builder-el-1  el_after_av_section  el_before_av_one_third  avia-builder-el-first  first flex_column_div  '     ><style type=\"text\/css\" data-created_by=\"avia_inline_auto\" id=\"style-css-av-l9ob3edt-137ed78e00d39300986e715faa6112a2\">\n#top .av-special-heading.av-l9ob3edt-137ed78e00d39300986e715faa6112a2{\npadding-bottom:10px;\n}\nbody .av-special-heading.av-l9ob3edt-137ed78e00d39300986e715faa6112a2 .av-special-heading-tag .heading-char{\nfont-size:25px;\n}\n.av-special-heading.av-l9ob3edt-137ed78e00d39300986e715faa6112a2 .av-subheading{\nfont-size:15px;\n}\n<\/style>\n<div  class='av-special-heading av-l9ob3edt-137ed78e00d39300986e715faa6112a2 av-special-heading-h2 blockquote modern-quote  avia-builder-el-2  avia-builder-el-no-sibling '><h2 class='av-special-heading-tag '  itemprop=\"headline\"  >Blikopdepolder &#8211; Umgebung<\/h2><div class=\"special-heading-border\"><div class=\"special-heading-inner-border\"><\/div><\/div><\/div><\/div>\n\n<style type=\"text\/css\" data-created_by=\"avia_inline_auto\" id=\"style-css-av-nam22-6715e214a726fb95e9c6f32d198dbcb9\">\n.flex_column.av-nam22-6715e214a726fb95e9c6f32d198dbcb9{\npadding:40px 30px 40px 30px;\nbackground-color:#3277aa;\n}\n<\/style>\n<div  class='flex_column av-nam22-6715e214a726fb95e9c6f32d198dbcb9 av_one_third  avia-builder-el-3  el_after_av_one_full  el_before_av_two_third  first flex_column_div  column-top-margin'     ><p>\n<style type=\"text\/css\" data-created_by=\"avia_inline_auto\" id=\"style-css-av-l9ob2ti5-572b3613936ee919fe2175370cf11cd6\">\n#top .av_textblock_section.av-l9ob2ti5-572b3613936ee919fe2175370cf11cd6 .avia_textblock{\ncolor:#ffffff;\n}\n<\/style>\n<section  class='av_textblock_section av-l9ob2ti5-572b3613936ee919fe2175370cf11cd6 '   itemscope=\"itemscope\" itemtype=\"https:\/\/schema.org\/CreativeWork\" ><div class='avia_textblock av_inherit_color'  itemprop=\"text\" ><p>Die Wohnungen liegen inmitten des Gr\u00fcnen Herzens der Gemeinde Woerden, einem einzigartigen St\u00fcck der Niederlande. Die vielen Rad-, Wander- und Kanurouten bieten M\u00f6glichkeiten, die Umgebung zu genie\u00dfen.<\/p>\n<\/div><\/section><br \/>\n\n<style type=\"text\/css\" data-created_by=\"avia_inline_auto\" id=\"style-css-av-l9ob0o4f-5356fdbcf1646f0ac8d60517e5efa4bc\">\n#top .hr.hr-invisible.av-l9ob0o4f-5356fdbcf1646f0ac8d60517e5efa4bc{\nheight:30px;\n}\n<\/style>\n<div  class='hr av-l9ob0o4f-5356fdbcf1646f0ac8d60517e5efa4bc hr-invisible  avia-builder-el-5  el_after_av_textblock  el_before_av_image '><span class='hr-inner '><span class=\"hr-inner-style\"><\/span><\/span><\/div><br \/>\n\n<style type=\"text\/css\" data-created_by=\"avia_inline_auto\" id=\"style-css-av-l9ob3t42-a9246114ee4ac4e3d8a432d028acfc10\">\n.avia-image-container.av-l9ob3t42-a9246114ee4ac4e3d8a432d028acfc10 img.avia_image{\nbox-shadow:none;\n}\n.avia-image-container.av-l9ob3t42-a9246114ee4ac4e3d8a432d028acfc10 .av-image-caption-overlay-center{\ncolor:#ffffff;\n}\n<\/style>\n<div  class='avia-image-container av-l9ob3t42-a9246114ee4ac4e3d8a432d028acfc10 av-styling- avia-align-center  avia-builder-el-6  el_after_av_hr  avia-builder-el-last '   itemprop=\"image\" itemscope=\"itemscope\" itemtype=\"https:\/\/schema.org\/ImageObject\" ><div class=\"avia-image-container-inner\"><div class=\"avia-image-overlay-wrap\"><img decoding=\"async\" fetchpriority=\"high\" class='wp-image-1691 avia-img-lazy-loading-not-1691 avia_image ' src=\"https:\/\/blikopdepolder.nl\/wp-content\/uploads\/2014\/04\/vinkeveense-plassen-utrecht-nederland-200707_boot_in_polderlandschap_s_jpg-300x225.jpg\" alt='' title='vinkeveense-plassen-utrecht-nederland-200707_boot_in_polderlandschap_s_jpg'  height=\"225\" width=\"300\"  itemprop=\"thumbnailUrl\" srcset=\"https:\/\/blikopdepolder.nl\/wp-content\/uploads\/2014\/04\/vinkeveense-plassen-utrecht-nederland-200707_boot_in_polderlandschap_s_jpg-300x225.jpg 300w, https:\/\/blikopdepolder.nl\/wp-content\/uploads\/2014\/04\/vinkeveense-plassen-utrecht-nederland-200707_boot_in_polderlandschap_s_jpg.jpg 500w\" sizes=\"(max-width: 300px) 100vw, 300px\" \/><\/div><\/div><\/div><\/p><\/div>\n<div  class='flex_column av-hixz6-4ce1dc6101b1d0597b2de6eb2bbce250 av_two_third  avia-builder-el-7  el_after_av_one_third  avia-builder-el-last  flex_column_div  column-top-margin'     ><section  class='av_textblock_section av-7uqhe-69152abbe56006609d5f0b687c7023da '   itemscope=\"itemscope\" itemtype=\"https:\/\/schema.org\/CreativeWork\" ><div class='avia_textblock'  itemprop=\"text\" ><h3>Viele Erholungsm\u00f6glichkeiten<\/h3>\n<p>Neben dem Blikopdepolder liegt der Streichelzoo Oortjespad mit einem Schwimmbad f\u00fcr Kleinkinder. In unmittelbarer N\u00e4he befinden sich ein Pitt&amp;Putt-Platz und das sch\u00f6ne Restaurant Kameryck. In der N\u00e4he des Campingplatzes Oortjeshek und des Tierhotels Marijke. Etwa zwei Kilometer entfernt liegt das Dorf Kamerik mit einem Supermarkt, einer B\u00e4ckerei, einem Imbiss, dem Restaurant de Kanis und nicht zuletzt dem Erholungsbauernhof &#8218;De Boerinn&#8216; mit zahlreichen Sport- und Spielm\u00f6glichkeiten.<\/p>\n<h3>Die Teiche<\/h3>\n<p>Es ist m\u00f6glich, das Wasser zu erkunden. Die Seen Vinkeveense, Loosdrechtse und Nieuwkoop sind in einer halben Stunde mit dem Fahrrad zu erreichen.<\/p>\n<h3>Gro\u00dfe St\u00e4dte<\/h3>\n<p>Die zentrale Lage von Blikopdepolder ist der ideale Ausgangspunkt f\u00fcr weitere Erkundungen in der Region. Innerhalb einer halben Stunde erreichen Sie mit dem Auto die Gro\u00dfst\u00e4dte Amsterdam und Utrecht, wo Sie einen herrlichen Tagesausflug unternehmen k\u00f6nnen.<\/p>\n<\/div><\/section><\/div>\n","protected":false},"excerpt":{"rendered":"","protected":false},"author":2,"featured_media":1691,"parent":0,"menu_order":0,"comment_status":"closed","ping_status":"closed","template":"","meta":{"footnotes":""},"class_list":["post-1824","page","type-page","status-publish","has-post-thumbnail","hentry"],"yoast_head":"<!-- This site is optimized with the Yoast SEO plugin v27.4 - https:\/\/yoast.com\/product\/yoast-seo-wordpress\/ -->\n<title>Umgebung - Blik op de Polder<\/title>\n<meta name=\"robots\" content=\"index, follow, max-snippet:-1, max-image-preview:large, max-video-preview:-1\" \/>\n<link rel=\"canonical\" href=\"https:\/\/blikopdepolder.nl\/de\/umgebung\/\" \/>\n<meta property=\"og:locale\" content=\"de_DE\" \/>\n<meta property=\"og:type\" content=\"article\" \/>\n<meta property=\"og:title\" content=\"Umgebung - Blik op de Polder\" \/>\n<meta property=\"og:url\" content=\"https:\/\/blikopdepolder.nl\/de\/umgebung\/\" \/>\n<meta property=\"og:site_name\" content=\"Blik op de Polder\" \/>\n<meta property=\"article:publisher\" content=\"https:\/\/www.facebook.com\/blikopdepolder\" \/>\n<meta property=\"article:modified_time\" content=\"2022-11-17T10:26:27+00:00\" \/>\n<meta property=\"og:image\" content=\"https:\/\/blikopdepolder.nl\/wp-content\/uploads\/2014\/04\/vinkeveense-plassen-utrecht-nederland-200707_boot_in_polderlandschap_s_jpg.jpg\" \/>\n\t<meta property=\"og:image:width\" content=\"500\" \/>\n\t<meta property=\"og:image:height\" content=\"375\" \/>\n\t<meta property=\"og:image:type\" content=\"image\/jpeg\" \/>\n<meta name=\"twitter:card\" content=\"summary_large_image\" \/>\n<meta name=\"twitter:label1\" content=\"Gesch\u00e4tzte Lesezeit\" \/>\n\t<meta name=\"twitter:data1\" content=\"12\u00a0Minuten\" \/>\n<script type=\"application\/ld+json\" class=\"yoast-schema-graph\">{\"@context\":\"https:\\\/\\\/schema.org\",\"@graph\":[{\"@type\":\"WebPage\",\"@id\":\"https:\\\/\\\/blikopdepolder.nl\\\/de\\\/umgebung\\\/\",\"url\":\"https:\\\/\\\/blikopdepolder.nl\\\/de\\\/umgebung\\\/\",\"name\":\"Umgebung - Blik op de Polder\",\"isPartOf\":{\"@id\":\"https:\\\/\\\/blikopdepolder.nl\\\/de\\\/#website\"},\"primaryImageOfPage\":{\"@id\":\"https:\\\/\\\/blikopdepolder.nl\\\/de\\\/umgebung\\\/#primaryimage\"},\"image\":{\"@id\":\"https:\\\/\\\/blikopdepolder.nl\\\/de\\\/umgebung\\\/#primaryimage\"},\"thumbnailUrl\":\"https:\\\/\\\/blikopdepolder.nl\\\/wp-content\\\/uploads\\\/2014\\\/04\\\/vinkeveense-plassen-utrecht-nederland-200707_boot_in_polderlandschap_s_jpg.jpg\",\"datePublished\":\"2014-04-22T08:44:52+00:00\",\"dateModified\":\"2022-11-17T10:26:27+00:00\",\"breadcrumb\":{\"@id\":\"https:\\\/\\\/blikopdepolder.nl\\\/de\\\/umgebung\\\/#breadcrumb\"},\"inLanguage\":\"de\",\"potentialAction\":[{\"@type\":\"ReadAction\",\"target\":[\"https:\\\/\\\/blikopdepolder.nl\\\/de\\\/umgebung\\\/\"]}]},{\"@type\":\"ImageObject\",\"inLanguage\":\"de\",\"@id\":\"https:\\\/\\\/blikopdepolder.nl\\\/de\\\/umgebung\\\/#primaryimage\",\"url\":\"https:\\\/\\\/blikopdepolder.nl\\\/wp-content\\\/uploads\\\/2014\\\/04\\\/vinkeveense-plassen-utrecht-nederland-200707_boot_in_polderlandschap_s_jpg.jpg\",\"contentUrl\":\"https:\\\/\\\/blikopdepolder.nl\\\/wp-content\\\/uploads\\\/2014\\\/04\\\/vinkeveense-plassen-utrecht-nederland-200707_boot_in_polderlandschap_s_jpg.jpg\",\"width\":500,\"height\":375},{\"@type\":\"BreadcrumbList\",\"@id\":\"https:\\\/\\\/blikopdepolder.nl\\\/de\\\/umgebung\\\/#breadcrumb\",\"itemListElement\":[{\"@type\":\"ListItem\",\"position\":1,\"name\":\"Home\",\"item\":\"https:\\\/\\\/blikopdepolder.nl\\\/de\\\/wohnungen-blikopdepolder-im-gruenen-herzen\\\/\"},{\"@type\":\"ListItem\",\"position\":2,\"name\":\"Umgebung\"}]},{\"@type\":\"WebSite\",\"@id\":\"https:\\\/\\\/blikopdepolder.nl\\\/de\\\/#website\",\"url\":\"https:\\\/\\\/blikopdepolder.nl\\\/de\\\/\",\"name\":\"Blik op de Polder\",\"description\":\"Sfeervol overnachten in het Groene Hart\",\"potentialAction\":[{\"@type\":\"SearchAction\",\"target\":{\"@type\":\"EntryPoint\",\"urlTemplate\":\"https:\\\/\\\/blikopdepolder.nl\\\/de\\\/?s={search_term_string}\"},\"query-input\":{\"@type\":\"PropertyValueSpecification\",\"valueRequired\":true,\"valueName\":\"search_term_string\"}}],\"inLanguage\":\"de\"}]}<\/script>\n<!-- \/ Yoast SEO plugin. -->","yoast_head_json":{"title":"Umgebung - Blik op de Polder","robots":{"index":"index","follow":"follow","max-snippet":"max-snippet:-1","max-image-preview":"max-image-preview:large","max-video-preview":"max-video-preview:-1"},"canonical":"https:\/\/blikopdepolder.nl\/de\/umgebung\/","og_locale":"de_DE","og_type":"article","og_title":"Umgebung - Blik op de Polder","og_url":"https:\/\/blikopdepolder.nl\/de\/umgebung\/","og_site_name":"Blik op de Polder","article_publisher":"https:\/\/www.facebook.com\/blikopdepolder","article_modified_time":"2022-11-17T10:26:27+00:00","og_image":[{"width":500,"height":375,"url":"https:\/\/blikopdepolder.nl\/wp-content\/uploads\/2014\/04\/vinkeveense-plassen-utrecht-nederland-200707_boot_in_polderlandschap_s_jpg.jpg","type":"image\/jpeg"}],"twitter_card":"summary_large_image","twitter_misc":{"Gesch\u00e4tzte Lesezeit":"12\u00a0Minuten"},"schema":{"@context":"https:\/\/schema.org","@graph":[{"@type":"WebPage","@id":"https:\/\/blikopdepolder.nl\/de\/umgebung\/","url":"https:\/\/blikopdepolder.nl\/de\/umgebung\/","name":"Umgebung - Blik op de Polder","isPartOf":{"@id":"https:\/\/blikopdepolder.nl\/de\/#website"},"primaryImageOfPage":{"@id":"https:\/\/blikopdepolder.nl\/de\/umgebung\/#primaryimage"},"image":{"@id":"https:\/\/blikopdepolder.nl\/de\/umgebung\/#primaryimage"},"thumbnailUrl":"https:\/\/blikopdepolder.nl\/wp-content\/uploads\/2014\/04\/vinkeveense-plassen-utrecht-nederland-200707_boot_in_polderlandschap_s_jpg.jpg","datePublished":"2014-04-22T08:44:52+00:00","dateModified":"2022-11-17T10:26:27+00:00","breadcrumb":{"@id":"https:\/\/blikopdepolder.nl\/de\/umgebung\/#breadcrumb"},"inLanguage":"de","potentialAction":[{"@type":"ReadAction","target":["https:\/\/blikopdepolder.nl\/de\/umgebung\/"]}]},{"@type":"ImageObject","inLanguage":"de","@id":"https:\/\/blikopdepolder.nl\/de\/umgebung\/#primaryimage","url":"https:\/\/blikopdepolder.nl\/wp-content\/uploads\/2014\/04\/vinkeveense-plassen-utrecht-nederland-200707_boot_in_polderlandschap_s_jpg.jpg","contentUrl":"https:\/\/blikopdepolder.nl\/wp-content\/uploads\/2014\/04\/vinkeveense-plassen-utrecht-nederland-200707_boot_in_polderlandschap_s_jpg.jpg","width":500,"height":375},{"@type":"BreadcrumbList","@id":"https:\/\/blikopdepolder.nl\/de\/umgebung\/#breadcrumb","itemListElement":[{"@type":"ListItem","position":1,"name":"Home","item":"https:\/\/blikopdepolder.nl\/de\/wohnungen-blikopdepolder-im-gruenen-herzen\/"},{"@type":"ListItem","position":2,"name":"Umgebung"}]},{"@type":"WebSite","@id":"https:\/\/blikopdepolder.nl\/de\/#website","url":"https:\/\/blikopdepolder.nl\/de\/","name":"Blik op de Polder","description":"Sfeervol overnachten in het Groene Hart","potentialAction":[{"@type":"SearchAction","target":{"@type":"EntryPoint","urlTemplate":"https:\/\/blikopdepolder.nl\/de\/?s={search_term_string}"},"query-input":{"@type":"PropertyValueSpecification","valueRequired":true,"valueName":"search_term_string"}}],"inLanguage":"de"}]}},"_links":{"self":[{"href":"https:\/\/blikopdepolder.nl\/de\/wp-json\/wp\/v2\/pages\/1824","targetHints":{"allow":["GET"]}}],"collection":[{"href":"https:\/\/blikopdepolder.nl\/de\/wp-json\/wp\/v2\/pages"}],"about":[{"href":"https:\/\/blikopdepolder.nl\/de\/wp-json\/wp\/v2\/types\/page"}],"author":[{"embeddable":true,"href":"https:\/\/blikopdepolder.nl\/de\/wp-json\/wp\/v2\/users\/2"}],"replies":[{"embeddable":true,"href":"https:\/\/blikopdepolder.nl\/de\/wp-json\/wp\/v2\/comments?post=1824"}],"version-history":[{"count":2,"href":"https:\/\/blikopdepolder.nl\/de\/wp-json\/wp\/v2\/pages\/1824\/revisions"}],"predecessor-version":[{"id":1826,"href":"https:\/\/blikopdepolder.nl\/de\/wp-json\/wp\/v2\/pages\/1824\/revisions\/1826"}],"wp:featuredmedia":[{"embeddable":true,"href":"https:\/\/blikopdepolder.nl\/de\/wp-json\/wp\/v2\/media\/1691"}],"wp:attachment":[{"href":"https:\/\/blikopdepolder.nl\/de\/wp-json\/wp\/v2\/media?parent=1824"}],"curies":[{"name":"wp","href":"https:\/\/api.w.org\/{rel}","templated":true}]}}