{"id":1814,"date":"2014-07-01T09:47:41","date_gmt":"2014-07-01T07:47:41","guid":{"rendered":"https:\/\/blikopdepolder.nl\/wohnungen\/geschaeftliche-unterkunft\/"},"modified":"2022-11-17T10:58:30","modified_gmt":"2022-11-17T09:58:30","slug":"geschaeftliche-unterkunft","status":"publish","type":"page","link":"https:\/\/blikopdepolder.nl\/de\/wohnungen\/geschaeftliche-unterkunft\/","title":{"rendered":"Gesch\u00e4ftliche Unterkunft"},"content":{"rendered":"\n<style type=\"text\/css\" data-created_by=\"avia_inline_auto\" id=\"style-css-av-l9ocn8v9-1aa283c0befd9d07fa0e5c4591c0d995\">\n.avia-section.av-l9ocn8v9-1aa283c0befd9d07fa0e5c4591c0d995 .av-parallax .av-parallax-inner{\nbackground-repeat:no-repeat;\nbackground-image:url(https:\/\/blikopdepolder.nl\/wp-content\/uploads\/2014\/04\/blikopdepolder-uitzicht-water-groen.jpg);\nbackground-position:0% 0%;\nbackground-attachment:scroll;\n}\n<\/style>\n<div id='av_section_1'  class='avia-section av-l9ocn8v9-1aa283c0befd9d07fa0e5c4591c0d995 main_color avia-section-default avia-no-border-styling  avia-builder-el-0  el_before_av_one_full  avia-builder-el-first  av-parallax-section avia-bg-style-parallax av-minimum-height av-minimum-height-50 av-height-50  container_wrap fullsize'  data-section-bg-repeat='no-repeat' data-av_minimum_height_pc='50' data-av_min_height_opt='50'><div class='av-parallax' data-avia-parallax-ratio='0.3' ><div class='av-parallax-inner main_color avia-full-stretch'><\/div><\/div><div class='container av-section-cont-open' ><main  role=\"main\" itemprop=\"mainContentOfPage\"  class='template-page content  av-content-full alpha units'><div class='post-entry post-entry-type-page post-entry-1814'><div class='entry-content-wrapper clearfix'><\/div><\/div><\/main><!-- close content main element --><\/div><\/div><div id='after_section_1'  class='main_color av_default_container_wrap container_wrap fullsize'  ><div class='container av-section-cont-open' ><div class='template-page content  av-content-full alpha units'><div class='post-entry post-entry-type-page post-entry-1814'><div class='entry-content-wrapper clearfix'>\n<div  class='flex_column av-f2ntb-02a90b8e70774967cba58bb581f968ab av_one_full  avia-builder-el-1  el_after_av_section  el_before_av_one_third  avia-builder-el-first  first flex_column_div  '     ><style type=\"text\/css\" data-created_by=\"avia_inline_auto\" id=\"style-css-av-l9oclxlk-bee2aa6de99d27aa34ac371cfd805a31\">\n#top .av-special-heading.av-l9oclxlk-bee2aa6de99d27aa34ac371cfd805a31{\npadding-bottom:10px;\n}\nbody .av-special-heading.av-l9oclxlk-bee2aa6de99d27aa34ac371cfd805a31 .av-special-heading-tag .heading-char{\nfont-size:25px;\n}\n.av-special-heading.av-l9oclxlk-bee2aa6de99d27aa34ac371cfd805a31 .av-subheading{\nfont-size:15px;\n}\n<\/style>\n<div  class='av-special-heading av-l9oclxlk-bee2aa6de99d27aa34ac371cfd805a31 av-special-heading-h2 blockquote modern-quote  avia-builder-el-2  avia-builder-el-no-sibling '><h2 class='av-special-heading-tag '  itemprop=\"headline\"  >Blikopdepolder &#8211; Gesch\u00e4ftliche Unterkunft<\/h2><div class=\"special-heading-border\"><div class=\"special-heading-inner-border\"><\/div><\/div><\/div><\/div>\n\n<style type=\"text\/css\" data-created_by=\"avia_inline_auto\" id=\"style-css-av-l9ocheib-077bb61095b493b9e4736fadd58620e8\">\n.flex_column.av-l9ocheib-077bb61095b493b9e4736fadd58620e8{\npadding:40px 30px 40px 30px;\nbackground-color:#3277aa;\n}\n<\/style>\n<div  class='flex_column av-l9ocheib-077bb61095b493b9e4736fadd58620e8 av_one_third  avia-builder-el-3  el_after_av_one_full  el_before_av_two_third  first flex_column_div  column-top-margin'     ><p>\n<style type=\"text\/css\" data-created_by=\"avia_inline_auto\" id=\"style-css-av-l9oclckz-8604d8a1128cddb47e934af6783e4c54\">\n#top .av_textblock_section.av-l9oclckz-8604d8a1128cddb47e934af6783e4c54 .avia_textblock{\ncolor:#ffffff;\n}\n<\/style>\n<section  class='av_textblock_section av-l9oclckz-8604d8a1128cddb47e934af6783e4c54 '   itemscope=\"itemscope\" itemtype=\"https:\/\/schema.org\/CreativeWork\" ><div class='avia_textblock av_inherit_color'  itemprop=\"text\" ><p>Sie suchen einen \u00dcbernachtungsplatz f\u00fcr Gesch\u00e4ftspartner, (entsandte) Mitarbeiter oder f\u00fcr sich selbst? Blikopdepolder verf\u00fcgt \u00fcber f\u00fcnf voll ausgestattete Wohnungen in l\u00e4ndlicher Umgebung und wohnlicher Atmosph\u00e4re.<\/p>\n<\/div><\/section><br \/>\n\n<style type=\"text\/css\" data-created_by=\"avia_inline_auto\" id=\"style-css-av-l9oci5pr-8f6b409ecb7120cc30c199efad134ca8\">\n#top .hr.hr-invisible.av-l9oci5pr-8f6b409ecb7120cc30c199efad134ca8{\nheight:30px;\n}\n<\/style>\n<div  class='hr av-l9oci5pr-8f6b409ecb7120cc30c199efad134ca8 hr-invisible  avia-builder-el-5  el_after_av_textblock  el_before_av_image '><span class='hr-inner '><span class=\"hr-inner-style\"><\/span><\/span><\/div><br \/>\n\n<style type=\"text\/css\" data-created_by=\"avia_inline_auto\" id=\"style-css-av-l9ociibc-fa9da0ed56326fc59415ad6447d2caf7\">\n.avia-image-container.av-l9ociibc-fa9da0ed56326fc59415ad6447d2caf7 img.avia_image{\nbox-shadow:none;\n}\n.avia-image-container.av-l9ociibc-fa9da0ed56326fc59415ad6447d2caf7 .av-image-caption-overlay-center{\ncolor:#ffffff;\n}\n<\/style>\n<div  class='avia-image-container av-l9ociibc-fa9da0ed56326fc59415ad6447d2caf7 av-styling- avia-align-center  avia-builder-el-6  el_after_av_hr  avia-builder-el-last '   itemprop=\"image\" itemscope=\"itemscope\" itemtype=\"https:\/\/schema.org\/ImageObject\" ><div class=\"avia-image-container-inner\"><div class=\"avia-image-overlay-wrap\"><img decoding=\"async\" fetchpriority=\"high\" class='wp-image-1697 avia-img-lazy-loading-not-1697 avia_image ' src=\"https:\/\/blikopdepolder.nl\/wp-content\/uploads\/2014\/07\/iStock_000002305412Small-laptop-300x209.jpg\" alt='' title='iStock_000002305412Small laptop'  height=\"209\" width=\"300\"  itemprop=\"thumbnailUrl\" srcset=\"https:\/\/blikopdepolder.nl\/wp-content\/uploads\/2014\/07\/iStock_000002305412Small-laptop-300x209.jpg 300w, https:\/\/blikopdepolder.nl\/wp-content\/uploads\/2014\/07\/iStock_000002305412Small-laptop-768x534.jpg 768w, https:\/\/blikopdepolder.nl\/wp-content\/uploads\/2014\/07\/iStock_000002305412Small-laptop.jpg 831w\" sizes=\"(max-width: 300px) 100vw, 300px\" \/><\/div><\/div><\/div><\/p><\/div>\n<div  class='flex_column av-atbr3-e7abcca95de694eb068fe9028180e2f6 av_two_third  avia-builder-el-7  el_after_av_one_third  avia-builder-el-last  flex_column_div  column-top-margin'     ><section  class='av_textblock_section av-l9ocgre1-21e619ed5729e24bee0c13e719dfe864 '   itemscope=\"itemscope\" itemtype=\"https:\/\/schema.org\/CreativeWork\" ><div class='avia_textblock'  itemprop=\"text\" ><p>Die Wohnungen im Blikopdepolder sind auch ideal f\u00fcr Ihre Mitarbeiter oder wenn Sie eine ruhige Gesch\u00e4ftsadresse f\u00fcr die Nacht suchen.<\/p>\n<h3>Zug\u00e4nglichkeit Blikopdepolder<\/h3>\n<p>Die Blikopdepolder-Wohnungen liegen etwas au\u00dferhalb des Dorfes Kamerik in der Gemeinde Woerden. Kamerik liegt zentral zwischen Utrecht (A12) und Amsterdam (A2) und ist daher leicht mit dem Auto zu erreichen. Innerhalb einer halben Stunde sind Sie am Flughafen Schiphol.<\/p>\n<h3>Arbeiten und \u00dcbernachten<\/h3>\n<p>Die Wohnungen von Blikopdepolder k\u00f6nnen auch f\u00fcr l\u00e4ngere Zeit gemietet werden. Blikopdepolder bietet flexible Mietoptionen f\u00fcr eine oder mehrere (aufeinanderfolgende) Wochen, Wochenmitte oder Wochenenden. Zu attraktiven Konditionen und in einer famili\u00e4ren Atmosph\u00e4re. Die Wohnungen sind mit kostenlosem drahtlosen Internet Wi-Fi ausgestattet.<\/p>\n<p><strong>F\u00fcr weitere Informationen nehmen Sie bitte Kontakt mit uns auf.<\/strong><\/p>\n<\/div><\/section><\/div>\n","protected":false},"excerpt":{"rendered":"","protected":false},"author":2,"featured_media":1697,"parent":1799,"menu_order":0,"comment_status":"closed","ping_status":"closed","template":"","meta":{"footnotes":""},"class_list":["post-1814","page","type-page","status-publish","has-post-thumbnail","hentry"],"yoast_head":"<!-- This site is optimized with the Yoast SEO plugin v27.3 - https:\/\/yoast.com\/product\/yoast-seo-wordpress\/ -->\n<title>Gesch\u00e4ftliche Unterkunft - Blik op de Polder<\/title>\n<meta name=\"robots\" content=\"index, follow, max-snippet:-1, max-image-preview:large, max-video-preview:-1\" \/>\n<link rel=\"canonical\" href=\"https:\/\/blikopdepolder.nl\/de\/wohnungen\/geschaeftliche-unterkunft\/\" \/>\n<meta property=\"og:locale\" content=\"de_DE\" \/>\n<meta property=\"og:type\" content=\"article\" \/>\n<meta property=\"og:title\" content=\"Gesch\u00e4ftliche Unterkunft - Blik op de Polder\" \/>\n<meta property=\"og:url\" content=\"https:\/\/blikopdepolder.nl\/de\/wohnungen\/geschaeftliche-unterkunft\/\" \/>\n<meta property=\"og:site_name\" content=\"Blik op de Polder\" \/>\n<meta property=\"article:publisher\" content=\"https:\/\/www.facebook.com\/blikopdepolder\" \/>\n<meta property=\"article:modified_time\" content=\"2022-11-17T09:58:30+00:00\" \/>\n<meta property=\"og:image\" content=\"https:\/\/blikopdepolder.nl\/wp-content\/uploads\/2014\/07\/iStock_000002305412Small-laptop.jpg\" \/>\n\t<meta property=\"og:image:width\" content=\"831\" \/>\n\t<meta property=\"og:image:height\" content=\"578\" \/>\n\t<meta property=\"og:image:type\" content=\"image\/jpeg\" \/>\n<meta name=\"twitter:card\" content=\"summary_large_image\" \/>\n<meta name=\"twitter:label1\" content=\"Gesch\u00e4tzte Lesezeit\" \/>\n\t<meta name=\"twitter:data1\" content=\"11\u00a0Minuten\" \/>\n<script type=\"application\/ld+json\" class=\"yoast-schema-graph\">{\"@context\":\"https:\\\/\\\/schema.org\",\"@graph\":[{\"@type\":\"WebPage\",\"@id\":\"https:\\\/\\\/blikopdepolder.nl\\\/de\\\/wohnungen\\\/geschaeftliche-unterkunft\\\/\",\"url\":\"https:\\\/\\\/blikopdepolder.nl\\\/de\\\/wohnungen\\\/geschaeftliche-unterkunft\\\/\",\"name\":\"Gesch\u00e4ftliche Unterkunft - Blik op de Polder\",\"isPartOf\":{\"@id\":\"https:\\\/\\\/blikopdepolder.nl\\\/de\\\/#website\"},\"primaryImageOfPage\":{\"@id\":\"https:\\\/\\\/blikopdepolder.nl\\\/de\\\/wohnungen\\\/geschaeftliche-unterkunft\\\/#primaryimage\"},\"image\":{\"@id\":\"https:\\\/\\\/blikopdepolder.nl\\\/de\\\/wohnungen\\\/geschaeftliche-unterkunft\\\/#primaryimage\"},\"thumbnailUrl\":\"https:\\\/\\\/blikopdepolder.nl\\\/wp-content\\\/uploads\\\/2014\\\/07\\\/iStock_000002305412Small-laptop.jpg\",\"datePublished\":\"2014-07-01T07:47:41+00:00\",\"dateModified\":\"2022-11-17T09:58:30+00:00\",\"breadcrumb\":{\"@id\":\"https:\\\/\\\/blikopdepolder.nl\\\/de\\\/wohnungen\\\/geschaeftliche-unterkunft\\\/#breadcrumb\"},\"inLanguage\":\"de\",\"potentialAction\":[{\"@type\":\"ReadAction\",\"target\":[\"https:\\\/\\\/blikopdepolder.nl\\\/de\\\/wohnungen\\\/geschaeftliche-unterkunft\\\/\"]}]},{\"@type\":\"ImageObject\",\"inLanguage\":\"de\",\"@id\":\"https:\\\/\\\/blikopdepolder.nl\\\/de\\\/wohnungen\\\/geschaeftliche-unterkunft\\\/#primaryimage\",\"url\":\"https:\\\/\\\/blikopdepolder.nl\\\/wp-content\\\/uploads\\\/2014\\\/07\\\/iStock_000002305412Small-laptop.jpg\",\"contentUrl\":\"https:\\\/\\\/blikopdepolder.nl\\\/wp-content\\\/uploads\\\/2014\\\/07\\\/iStock_000002305412Small-laptop.jpg\",\"width\":831,\"height\":578},{\"@type\":\"BreadcrumbList\",\"@id\":\"https:\\\/\\\/blikopdepolder.nl\\\/de\\\/wohnungen\\\/geschaeftliche-unterkunft\\\/#breadcrumb\",\"itemListElement\":[{\"@type\":\"ListItem\",\"position\":1,\"name\":\"Home\",\"item\":\"https:\\\/\\\/blikopdepolder.nl\\\/de\\\/wohnungen-blikopdepolder-im-gruenen-herzen\\\/\"},{\"@type\":\"ListItem\",\"position\":2,\"name\":\"Wohnungen\",\"item\":\"https:\\\/\\\/blikopdepolder.nl\\\/de\\\/wohnungen\\\/\"},{\"@type\":\"ListItem\",\"position\":3,\"name\":\"Gesch\u00e4ftliche Unterkunft\"}]},{\"@type\":\"WebSite\",\"@id\":\"https:\\\/\\\/blikopdepolder.nl\\\/de\\\/#website\",\"url\":\"https:\\\/\\\/blikopdepolder.nl\\\/de\\\/\",\"name\":\"Blik op de Polder\",\"description\":\"Sfeervol overnachten in het Groene Hart\",\"potentialAction\":[{\"@type\":\"SearchAction\",\"target\":{\"@type\":\"EntryPoint\",\"urlTemplate\":\"https:\\\/\\\/blikopdepolder.nl\\\/de\\\/?s={search_term_string}\"},\"query-input\":{\"@type\":\"PropertyValueSpecification\",\"valueRequired\":true,\"valueName\":\"search_term_string\"}}],\"inLanguage\":\"de\"}]}<\/script>\n<!-- \/ Yoast SEO plugin. -->","yoast_head_json":{"title":"Gesch\u00e4ftliche Unterkunft - Blik op de Polder","robots":{"index":"index","follow":"follow","max-snippet":"max-snippet:-1","max-image-preview":"max-image-preview:large","max-video-preview":"max-video-preview:-1"},"canonical":"https:\/\/blikopdepolder.nl\/de\/wohnungen\/geschaeftliche-unterkunft\/","og_locale":"de_DE","og_type":"article","og_title":"Gesch\u00e4ftliche Unterkunft - Blik op de Polder","og_url":"https:\/\/blikopdepolder.nl\/de\/wohnungen\/geschaeftliche-unterkunft\/","og_site_name":"Blik op de Polder","article_publisher":"https:\/\/www.facebook.com\/blikopdepolder","article_modified_time":"2022-11-17T09:58:30+00:00","og_image":[{"width":831,"height":578,"url":"https:\/\/blikopdepolder.nl\/wp-content\/uploads\/2014\/07\/iStock_000002305412Small-laptop.jpg","type":"image\/jpeg"}],"twitter_card":"summary_large_image","twitter_misc":{"Gesch\u00e4tzte Lesezeit":"11\u00a0Minuten"},"schema":{"@context":"https:\/\/schema.org","@graph":[{"@type":"WebPage","@id":"https:\/\/blikopdepolder.nl\/de\/wohnungen\/geschaeftliche-unterkunft\/","url":"https:\/\/blikopdepolder.nl\/de\/wohnungen\/geschaeftliche-unterkunft\/","name":"Gesch\u00e4ftliche Unterkunft - Blik op de Polder","isPartOf":{"@id":"https:\/\/blikopdepolder.nl\/de\/#website"},"primaryImageOfPage":{"@id":"https:\/\/blikopdepolder.nl\/de\/wohnungen\/geschaeftliche-unterkunft\/#primaryimage"},"image":{"@id":"https:\/\/blikopdepolder.nl\/de\/wohnungen\/geschaeftliche-unterkunft\/#primaryimage"},"thumbnailUrl":"https:\/\/blikopdepolder.nl\/wp-content\/uploads\/2014\/07\/iStock_000002305412Small-laptop.jpg","datePublished":"2014-07-01T07:47:41+00:00","dateModified":"2022-11-17T09:58:30+00:00","breadcrumb":{"@id":"https:\/\/blikopdepolder.nl\/de\/wohnungen\/geschaeftliche-unterkunft\/#breadcrumb"},"inLanguage":"de","potentialAction":[{"@type":"ReadAction","target":["https:\/\/blikopdepolder.nl\/de\/wohnungen\/geschaeftliche-unterkunft\/"]}]},{"@type":"ImageObject","inLanguage":"de","@id":"https:\/\/blikopdepolder.nl\/de\/wohnungen\/geschaeftliche-unterkunft\/#primaryimage","url":"https:\/\/blikopdepolder.nl\/wp-content\/uploads\/2014\/07\/iStock_000002305412Small-laptop.jpg","contentUrl":"https:\/\/blikopdepolder.nl\/wp-content\/uploads\/2014\/07\/iStock_000002305412Small-laptop.jpg","width":831,"height":578},{"@type":"BreadcrumbList","@id":"https:\/\/blikopdepolder.nl\/de\/wohnungen\/geschaeftliche-unterkunft\/#breadcrumb","itemListElement":[{"@type":"ListItem","position":1,"name":"Home","item":"https:\/\/blikopdepolder.nl\/de\/wohnungen-blikopdepolder-im-gruenen-herzen\/"},{"@type":"ListItem","position":2,"name":"Wohnungen","item":"https:\/\/blikopdepolder.nl\/de\/wohnungen\/"},{"@type":"ListItem","position":3,"name":"Gesch\u00e4ftliche Unterkunft"}]},{"@type":"WebSite","@id":"https:\/\/blikopdepolder.nl\/de\/#website","url":"https:\/\/blikopdepolder.nl\/de\/","name":"Blik op de Polder","description":"Sfeervol overnachten in het Groene Hart","potentialAction":[{"@type":"SearchAction","target":{"@type":"EntryPoint","urlTemplate":"https:\/\/blikopdepolder.nl\/de\/?s={search_term_string}"},"query-input":{"@type":"PropertyValueSpecification","valueRequired":true,"valueName":"search_term_string"}}],"inLanguage":"de"}]}},"_links":{"self":[{"href":"https:\/\/blikopdepolder.nl\/de\/wp-json\/wp\/v2\/pages\/1814","targetHints":{"allow":["GET"]}}],"collection":[{"href":"https:\/\/blikopdepolder.nl\/de\/wp-json\/wp\/v2\/pages"}],"about":[{"href":"https:\/\/blikopdepolder.nl\/de\/wp-json\/wp\/v2\/types\/page"}],"author":[{"embeddable":true,"href":"https:\/\/blikopdepolder.nl\/de\/wp-json\/wp\/v2\/users\/2"}],"replies":[{"embeddable":true,"href":"https:\/\/blikopdepolder.nl\/de\/wp-json\/wp\/v2\/comments?post=1814"}],"version-history":[{"count":2,"href":"https:\/\/blikopdepolder.nl\/de\/wp-json\/wp\/v2\/pages\/1814\/revisions"}],"predecessor-version":[{"id":1816,"href":"https:\/\/blikopdepolder.nl\/de\/wp-json\/wp\/v2\/pages\/1814\/revisions\/1816"}],"up":[{"embeddable":true,"href":"https:\/\/blikopdepolder.nl\/de\/wp-json\/wp\/v2\/pages\/1799"}],"wp:featuredmedia":[{"embeddable":true,"href":"https:\/\/blikopdepolder.nl\/de\/wp-json\/wp\/v2\/media\/1697"}],"wp:attachment":[{"href":"https:\/\/blikopdepolder.nl\/de\/wp-json\/wp\/v2\/media?parent=1814"}],"curies":[{"name":"wp","href":"https:\/\/api.w.org\/{rel}","templated":true}]}}