{"id":1808,"date":"2014-04-30T10:16:55","date_gmt":"2014-04-30T08:16:55","guid":{"rendered":"https:\/\/blikopdepolder.nl\/wohnungen\/poldersuite\/"},"modified":"2022-11-17T10:56:56","modified_gmt":"2022-11-17T09:56:56","slug":"poldersuite","status":"publish","type":"page","link":"https:\/\/blikopdepolder.nl\/de\/wohnungen\/poldersuite\/","title":{"rendered":"Poldersuite"},"content":{"rendered":"\n<style type=\"text\/css\" data-created_by=\"avia_inline_auto\" id=\"style-css-av-l9ocdnxd-942e865cf0a1739d3471a8bedf9c55bc\">\n.avia-section.av-l9ocdnxd-942e865cf0a1739d3471a8bedf9c55bc .av-parallax .av-parallax-inner{\nbackground-repeat:no-repeat;\nbackground-image:url(https:\/\/blikopdepolder.nl\/wp-content\/uploads\/2014\/04\/Blikopdepolder-luxe-poldersuite-terras-water.jpg);\nbackground-position:50% 100%;\nbackground-attachment:scroll;\n}\n<\/style>\n<div id='av_section_1'  class='avia-section av-l9ocdnxd-942e865cf0a1739d3471a8bedf9c55bc main_color avia-section-default avia-no-border-styling  avia-builder-el-0  el_before_av_one_full  avia-builder-el-first  av-parallax-section avia-bg-style-parallax av-minimum-height av-minimum-height-50 av-height-50  container_wrap fullsize'  data-section-bg-repeat='no-repeat' data-av_minimum_height_pc='50' data-av_min_height_opt='50'><div class='av-parallax' data-avia-parallax-ratio='0.3' ><div class='av-parallax-inner main_color avia-full-stretch'><\/div><\/div><div class='container av-section-cont-open' ><main  role=\"main\" itemprop=\"mainContentOfPage\"  class='template-page content  av-content-full alpha units'><div class='post-entry post-entry-type-page post-entry-1808'><div class='entry-content-wrapper clearfix'><\/div><\/div><\/main><!-- close content main element --><\/div><\/div><div id='after_section_1'  class='main_color av_default_container_wrap container_wrap fullsize'  ><div class='container av-section-cont-open' ><div class='template-page content  av-content-full alpha units'><div class='post-entry post-entry-type-page post-entry-1808'><div class='entry-content-wrapper clearfix'>\n<div  class='flex_column av-2h5ad-67b4506cca29a6939cd6f5de90cc75cc av_one_full  avia-builder-el-1  el_after_av_section  el_before_av_one_third  avia-builder-el-first  first flex_column_div  '     ><style type=\"text\/css\" data-created_by=\"avia_inline_auto\" id=\"style-css-av-l9occw6c-e26f01295120128d48e205f88eaf6118\">\n#top .av-special-heading.av-l9occw6c-e26f01295120128d48e205f88eaf6118{\npadding-bottom:10px;\n}\nbody .av-special-heading.av-l9occw6c-e26f01295120128d48e205f88eaf6118 .av-special-heading-tag .heading-char{\nfont-size:25px;\n}\n.av-special-heading.av-l9occw6c-e26f01295120128d48e205f88eaf6118 .av-subheading{\nfont-size:15px;\n}\n<\/style>\n<div  class='av-special-heading av-l9occw6c-e26f01295120128d48e205f88eaf6118 av-special-heading-h2 blockquote modern-quote  avia-builder-el-2  avia-builder-el-no-sibling '><h2 class='av-special-heading-tag '  itemprop=\"headline\"  >Blikopdepolder &#8211; Poldersuite<\/h2><div class=\"special-heading-border\"><div class=\"special-heading-inner-border\"><\/div><\/div><\/div><\/div>\n\n<style type=\"text\/css\" data-created_by=\"avia_inline_auto\" id=\"style-css-av-l9oc9qjx-21d503b5a3de78bd76df64f41ee3593d\">\n.flex_column.av-l9oc9qjx-21d503b5a3de78bd76df64f41ee3593d{\npadding:40px 30px 40px 30px;\nbackground-color:#3277aa;\n}\n<\/style>\n<div  class='flex_column av-l9oc9qjx-21d503b5a3de78bd76df64f41ee3593d av_one_third  avia-builder-el-3  el_after_av_one_full  el_before_av_two_third  first flex_column_div  column-top-margin'     ><p>\n<style type=\"text\/css\" data-created_by=\"avia_inline_auto\" id=\"style-css-av-l9ocb5z5-16c15e2ed332cff93eaaa9ab668cbfff\">\n#top .av_textblock_section.av-l9ocb5z5-16c15e2ed332cff93eaaa9ab668cbfff .avia_textblock{\ncolor:#ffffff;\n}\n<\/style>\n<section  class='av_textblock_section av-l9ocb5z5-16c15e2ed332cff93eaaa9ab668cbfff '   itemscope=\"itemscope\" itemtype=\"https:\/\/schema.org\/CreativeWork\" ><div class='avia_textblock av_inherit_color'  itemprop=\"text\" ><p>Die Poldersuite ist die luxuri\u00f6seste Wohnung von Blikopdepolder.<\/p>\n<\/div><\/section><br \/>\n\n<style type=\"text\/css\" data-created_by=\"avia_inline_auto\" id=\"style-css-av-l9ocberc-8c66324cc7cdb6ad91ec1700b9f1ccac\">\n#top .hr.hr-invisible.av-l9ocberc-8c66324cc7cdb6ad91ec1700b9f1ccac{\nheight:30px;\n}\n<\/style>\n<div  class='hr av-l9ocberc-8c66324cc7cdb6ad91ec1700b9f1ccac hr-invisible  avia-builder-el-5  el_after_av_textblock  el_before_av_image '><span class='hr-inner '><span class=\"hr-inner-style\"><\/span><\/span><\/div><br \/>\n\n<style type=\"text\/css\" data-created_by=\"avia_inline_auto\" id=\"style-css-av-l9occa3r-bbb4bea79a91610a386605801ab4c191\">\n.avia-image-container.av-l9occa3r-bbb4bea79a91610a386605801ab4c191 img.avia_image{\nbox-shadow:none;\n}\n.avia-image-container.av-l9occa3r-bbb4bea79a91610a386605801ab4c191 .av-image-caption-overlay-center{\ncolor:#ffffff;\n}\n<\/style>\n<div  class='avia-image-container av-l9occa3r-bbb4bea79a91610a386605801ab4c191 av-styling- avia-align-center  avia-builder-el-6  el_after_av_hr  avia-builder-el-last '   itemprop=\"image\" itemscope=\"itemscope\" itemtype=\"https:\/\/schema.org\/ImageObject\" ><div class=\"avia-image-container-inner\"><div class=\"avia-image-overlay-wrap\"><img decoding=\"async\" fetchpriority=\"high\" class='wp-image-1687 avia-img-lazy-loading-not-1687 avia_image ' src=\"https:\/\/blikopdepolder.nl\/wp-content\/uploads\/2014\/04\/Blikopdepolder-poldersuite-luxe-300x224.jpg\" alt='' title='Blikopdepolder-poldersuite-luxe'  height=\"224\" width=\"300\"  itemprop=\"thumbnailUrl\" srcset=\"https:\/\/blikopdepolder.nl\/wp-content\/uploads\/2014\/04\/Blikopdepolder-poldersuite-luxe-300x224.jpg 300w, https:\/\/blikopdepolder.nl\/wp-content\/uploads\/2014\/04\/Blikopdepolder-poldersuite-luxe.jpg 567w\" sizes=\"(max-width: 300px) 100vw, 300px\" \/><\/div><\/div><\/div><\/p><\/div>\n<div  class='flex_column av-24x0d-350c9b2d896f42b4d40bdc5e41ee012a av_two_third  avia-builder-el-7  el_after_av_one_third  avia-builder-el-last  flex_column_div  column-top-margin'     ><section  class='av_textblock_section av-1negd-cdb05a84e4479d5619b373132556fd7d '   itemscope=\"itemscope\" itemtype=\"https:\/\/schema.org\/CreativeWork\" ><div class='avia_textblock'  itemprop=\"text\" ><p>Eine der Wohnungen ist die Poldersuite. Diese Wohnung ist luxuri\u00f6ser als die anderen. Diese Wohnung hat eine zus\u00e4tzliche Terrasse am Wasser und ist geschmackvoll mit einem Himmelbett eingerichtet. Diese Suite bietet einen gro\u00dfz\u00fcgigen blick auf den polder.<br \/>\nDiese Wohnung l\u00e4sst Sie doppelt genie\u00dfen.<\/p>\n<p><strong>Die Poldersuite ist ab 3 N\u00e4chten zu mieten.<\/strong><\/p>\n<\/div><\/section><\/div>\n","protected":false},"excerpt":{"rendered":"","protected":false},"author":2,"featured_media":1629,"parent":1799,"menu_order":0,"comment_status":"closed","ping_status":"closed","template":"","meta":{"footnotes":""},"class_list":["post-1808","page","type-page","status-publish","has-post-thumbnail","hentry"],"yoast_head":"<!-- This site is optimized with the Yoast SEO plugin v27.3 - https:\/\/yoast.com\/product\/yoast-seo-wordpress\/ -->\n<title>Poldersuite - Blik op de Polder<\/title>\n<meta name=\"robots\" content=\"index, follow, max-snippet:-1, max-image-preview:large, max-video-preview:-1\" \/>\n<link rel=\"canonical\" href=\"https:\/\/blikopdepolder.nl\/de\/wohnungen\/poldersuite\/\" \/>\n<meta property=\"og:locale\" content=\"de_DE\" \/>\n<meta property=\"og:type\" content=\"article\" \/>\n<meta property=\"og:title\" content=\"Poldersuite - Blik op de Polder\" \/>\n<meta property=\"og:url\" content=\"https:\/\/blikopdepolder.nl\/de\/wohnungen\/poldersuite\/\" \/>\n<meta property=\"og:site_name\" content=\"Blik op de Polder\" \/>\n<meta property=\"article:publisher\" content=\"https:\/\/www.facebook.com\/blikopdepolder\" \/>\n<meta property=\"article:modified_time\" content=\"2022-11-17T09:56:56+00:00\" \/>\n<meta property=\"og:image\" content=\"https:\/\/blikopdepolder.nl\/wp-content\/uploads\/2014\/04\/Blikopdepolder-luxe-poldersuite-terras-water.jpg\" \/>\n\t<meta property=\"og:image:width\" content=\"850\" \/>\n\t<meta property=\"og:image:height\" content=\"566\" \/>\n\t<meta property=\"og:image:type\" content=\"image\/jpeg\" \/>\n<meta name=\"twitter:card\" content=\"summary_large_image\" \/>\n<meta name=\"twitter:label1\" content=\"Gesch\u00e4tzte Lesezeit\" \/>\n\t<meta name=\"twitter:data1\" content=\"11\u00a0Minuten\" \/>\n<script type=\"application\/ld+json\" class=\"yoast-schema-graph\">{\"@context\":\"https:\\\/\\\/schema.org\",\"@graph\":[{\"@type\":\"WebPage\",\"@id\":\"https:\\\/\\\/blikopdepolder.nl\\\/de\\\/wohnungen\\\/poldersuite\\\/\",\"url\":\"https:\\\/\\\/blikopdepolder.nl\\\/de\\\/wohnungen\\\/poldersuite\\\/\",\"name\":\"Poldersuite - Blik op de Polder\",\"isPartOf\":{\"@id\":\"https:\\\/\\\/blikopdepolder.nl\\\/de\\\/#website\"},\"primaryImageOfPage\":{\"@id\":\"https:\\\/\\\/blikopdepolder.nl\\\/de\\\/wohnungen\\\/poldersuite\\\/#primaryimage\"},\"image\":{\"@id\":\"https:\\\/\\\/blikopdepolder.nl\\\/de\\\/wohnungen\\\/poldersuite\\\/#primaryimage\"},\"thumbnailUrl\":\"https:\\\/\\\/blikopdepolder.nl\\\/wp-content\\\/uploads\\\/2014\\\/04\\\/Blikopdepolder-luxe-poldersuite-terras-water.jpg\",\"datePublished\":\"2014-04-30T08:16:55+00:00\",\"dateModified\":\"2022-11-17T09:56:56+00:00\",\"breadcrumb\":{\"@id\":\"https:\\\/\\\/blikopdepolder.nl\\\/de\\\/wohnungen\\\/poldersuite\\\/#breadcrumb\"},\"inLanguage\":\"de\",\"potentialAction\":[{\"@type\":\"ReadAction\",\"target\":[\"https:\\\/\\\/blikopdepolder.nl\\\/de\\\/wohnungen\\\/poldersuite\\\/\"]}]},{\"@type\":\"ImageObject\",\"inLanguage\":\"de\",\"@id\":\"https:\\\/\\\/blikopdepolder.nl\\\/de\\\/wohnungen\\\/poldersuite\\\/#primaryimage\",\"url\":\"https:\\\/\\\/blikopdepolder.nl\\\/wp-content\\\/uploads\\\/2014\\\/04\\\/Blikopdepolder-luxe-poldersuite-terras-water.jpg\",\"contentUrl\":\"https:\\\/\\\/blikopdepolder.nl\\\/wp-content\\\/uploads\\\/2014\\\/04\\\/Blikopdepolder-luxe-poldersuite-terras-water.jpg\",\"width\":850,\"height\":566},{\"@type\":\"BreadcrumbList\",\"@id\":\"https:\\\/\\\/blikopdepolder.nl\\\/de\\\/wohnungen\\\/poldersuite\\\/#breadcrumb\",\"itemListElement\":[{\"@type\":\"ListItem\",\"position\":1,\"name\":\"Home\",\"item\":\"https:\\\/\\\/blikopdepolder.nl\\\/de\\\/wohnungen-blikopdepolder-im-gruenen-herzen\\\/\"},{\"@type\":\"ListItem\",\"position\":2,\"name\":\"Wohnungen\",\"item\":\"https:\\\/\\\/blikopdepolder.nl\\\/de\\\/wohnungen\\\/\"},{\"@type\":\"ListItem\",\"position\":3,\"name\":\"Poldersuite\"}]},{\"@type\":\"WebSite\",\"@id\":\"https:\\\/\\\/blikopdepolder.nl\\\/de\\\/#website\",\"url\":\"https:\\\/\\\/blikopdepolder.nl\\\/de\\\/\",\"name\":\"Blik op de Polder\",\"description\":\"Sfeervol overnachten in het Groene Hart\",\"potentialAction\":[{\"@type\":\"SearchAction\",\"target\":{\"@type\":\"EntryPoint\",\"urlTemplate\":\"https:\\\/\\\/blikopdepolder.nl\\\/de\\\/?s={search_term_string}\"},\"query-input\":{\"@type\":\"PropertyValueSpecification\",\"valueRequired\":true,\"valueName\":\"search_term_string\"}}],\"inLanguage\":\"de\"}]}<\/script>\n<!-- \/ Yoast SEO plugin. -->","yoast_head_json":{"title":"Poldersuite - Blik op de Polder","robots":{"index":"index","follow":"follow","max-snippet":"max-snippet:-1","max-image-preview":"max-image-preview:large","max-video-preview":"max-video-preview:-1"},"canonical":"https:\/\/blikopdepolder.nl\/de\/wohnungen\/poldersuite\/","og_locale":"de_DE","og_type":"article","og_title":"Poldersuite - Blik op de Polder","og_url":"https:\/\/blikopdepolder.nl\/de\/wohnungen\/poldersuite\/","og_site_name":"Blik op de Polder","article_publisher":"https:\/\/www.facebook.com\/blikopdepolder","article_modified_time":"2022-11-17T09:56:56+00:00","og_image":[{"width":850,"height":566,"url":"https:\/\/blikopdepolder.nl\/wp-content\/uploads\/2014\/04\/Blikopdepolder-luxe-poldersuite-terras-water.jpg","type":"image\/jpeg"}],"twitter_card":"summary_large_image","twitter_misc":{"Gesch\u00e4tzte Lesezeit":"11\u00a0Minuten"},"schema":{"@context":"https:\/\/schema.org","@graph":[{"@type":"WebPage","@id":"https:\/\/blikopdepolder.nl\/de\/wohnungen\/poldersuite\/","url":"https:\/\/blikopdepolder.nl\/de\/wohnungen\/poldersuite\/","name":"Poldersuite - Blik op de Polder","isPartOf":{"@id":"https:\/\/blikopdepolder.nl\/de\/#website"},"primaryImageOfPage":{"@id":"https:\/\/blikopdepolder.nl\/de\/wohnungen\/poldersuite\/#primaryimage"},"image":{"@id":"https:\/\/blikopdepolder.nl\/de\/wohnungen\/poldersuite\/#primaryimage"},"thumbnailUrl":"https:\/\/blikopdepolder.nl\/wp-content\/uploads\/2014\/04\/Blikopdepolder-luxe-poldersuite-terras-water.jpg","datePublished":"2014-04-30T08:16:55+00:00","dateModified":"2022-11-17T09:56:56+00:00","breadcrumb":{"@id":"https:\/\/blikopdepolder.nl\/de\/wohnungen\/poldersuite\/#breadcrumb"},"inLanguage":"de","potentialAction":[{"@type":"ReadAction","target":["https:\/\/blikopdepolder.nl\/de\/wohnungen\/poldersuite\/"]}]},{"@type":"ImageObject","inLanguage":"de","@id":"https:\/\/blikopdepolder.nl\/de\/wohnungen\/poldersuite\/#primaryimage","url":"https:\/\/blikopdepolder.nl\/wp-content\/uploads\/2014\/04\/Blikopdepolder-luxe-poldersuite-terras-water.jpg","contentUrl":"https:\/\/blikopdepolder.nl\/wp-content\/uploads\/2014\/04\/Blikopdepolder-luxe-poldersuite-terras-water.jpg","width":850,"height":566},{"@type":"BreadcrumbList","@id":"https:\/\/blikopdepolder.nl\/de\/wohnungen\/poldersuite\/#breadcrumb","itemListElement":[{"@type":"ListItem","position":1,"name":"Home","item":"https:\/\/blikopdepolder.nl\/de\/wohnungen-blikopdepolder-im-gruenen-herzen\/"},{"@type":"ListItem","position":2,"name":"Wohnungen","item":"https:\/\/blikopdepolder.nl\/de\/wohnungen\/"},{"@type":"ListItem","position":3,"name":"Poldersuite"}]},{"@type":"WebSite","@id":"https:\/\/blikopdepolder.nl\/de\/#website","url":"https:\/\/blikopdepolder.nl\/de\/","name":"Blik op de Polder","description":"Sfeervol overnachten in het Groene Hart","potentialAction":[{"@type":"SearchAction","target":{"@type":"EntryPoint","urlTemplate":"https:\/\/blikopdepolder.nl\/de\/?s={search_term_string}"},"query-input":{"@type":"PropertyValueSpecification","valueRequired":true,"valueName":"search_term_string"}}],"inLanguage":"de"}]}},"_links":{"self":[{"href":"https:\/\/blikopdepolder.nl\/de\/wp-json\/wp\/v2\/pages\/1808","targetHints":{"allow":["GET"]}}],"collection":[{"href":"https:\/\/blikopdepolder.nl\/de\/wp-json\/wp\/v2\/pages"}],"about":[{"href":"https:\/\/blikopdepolder.nl\/de\/wp-json\/wp\/v2\/types\/page"}],"author":[{"embeddable":true,"href":"https:\/\/blikopdepolder.nl\/de\/wp-json\/wp\/v2\/users\/2"}],"replies":[{"embeddable":true,"href":"https:\/\/blikopdepolder.nl\/de\/wp-json\/wp\/v2\/comments?post=1808"}],"version-history":[{"count":2,"href":"https:\/\/blikopdepolder.nl\/de\/wp-json\/wp\/v2\/pages\/1808\/revisions"}],"predecessor-version":[{"id":1810,"href":"https:\/\/blikopdepolder.nl\/de\/wp-json\/wp\/v2\/pages\/1808\/revisions\/1810"}],"up":[{"embeddable":true,"href":"https:\/\/blikopdepolder.nl\/de\/wp-json\/wp\/v2\/pages\/1799"}],"wp:featuredmedia":[{"embeddable":true,"href":"https:\/\/blikopdepolder.nl\/de\/wp-json\/wp\/v2\/media\/1629"}],"wp:attachment":[{"href":"https:\/\/blikopdepolder.nl\/de\/wp-json\/wp\/v2\/media?parent=1808"}],"curies":[{"name":"wp","href":"https:\/\/api.w.org\/{rel}","templated":true}]}}