{"id":1799,"date":"2014-04-22T10:44:42","date_gmt":"2014-04-22T08:44:42","guid":{"rendered":"https:\/\/blikopdepolder.nl\/wohnungen\/"},"modified":"2022-11-17T10:54:57","modified_gmt":"2022-11-17T09:54:57","slug":"wohnungen","status":"publish","type":"page","link":"https:\/\/blikopdepolder.nl\/de\/wohnungen\/","title":{"rendered":"Wohnungen"},"content":{"rendered":"\n<style type=\"text\/css\" data-created_by=\"avia_inline_auto\" id=\"style-css-av-l9oc1g9a-3d93611dc5ccf4572ee37cc95e275714\">\n.avia-section.av-l9oc1g9a-3d93611dc5ccf4572ee37cc95e275714 .av-parallax .av-parallax-inner{\nbackground-repeat:no-repeat;\nbackground-image:url(https:\/\/blikopdepolder.nl\/wp-content\/uploads\/2014\/04\/Blikopdepolder-gastenverblijf-groenehart.jpg);\nbackground-position:0% 50%;\nbackground-attachment:scroll;\n}\n<\/style>\n<div id='av_section_1'  class='avia-section av-l9oc1g9a-3d93611dc5ccf4572ee37cc95e275714 main_color avia-section-default avia-no-border-styling  avia-builder-el-0  el_before_av_one_full  avia-builder-el-first  av-parallax-section avia-bg-style-parallax av-minimum-height av-minimum-height-50 av-height-50  container_wrap fullsize'  data-section-bg-repeat='no-repeat' data-av_minimum_height_pc='50' data-av_min_height_opt='50'><div class='av-parallax' data-avia-parallax-ratio='0.3' ><div class='av-parallax-inner main_color avia-full-stretch'><\/div><\/div><div class='container av-section-cont-open' ><main  role=\"main\" itemprop=\"mainContentOfPage\"  class='template-page content  av-content-full alpha units'><div class='post-entry post-entry-type-page post-entry-1799'><div class='entry-content-wrapper clearfix'><\/div><\/div><\/main><!-- close content main element --><\/div><\/div><div id='after_section_1'  class='main_color av_default_container_wrap container_wrap fullsize'  ><div class='container av-section-cont-open' ><div class='template-page content  av-content-full alpha units'><div class='post-entry post-entry-type-page post-entry-1799'><div class='entry-content-wrapper clearfix'>\n<div  class='flex_column av-n1tp5-b83d76a1729d75cce83724565ca02710 av_one_full  avia-builder-el-1  el_after_av_section  el_before_av_one_third  avia-builder-el-first  first flex_column_div  '     ><style type=\"text\/css\" data-created_by=\"avia_inline_auto\" id=\"style-css-av-l9oc25u3-154f92518c2a365e332124f957868e94\">\n#top .av-special-heading.av-l9oc25u3-154f92518c2a365e332124f957868e94{\npadding-bottom:10px;\n}\nbody .av-special-heading.av-l9oc25u3-154f92518c2a365e332124f957868e94 .av-special-heading-tag .heading-char{\nfont-size:25px;\n}\n.av-special-heading.av-l9oc25u3-154f92518c2a365e332124f957868e94 .av-subheading{\nfont-size:15px;\n}\n<\/style>\n<div  class='av-special-heading av-l9oc25u3-154f92518c2a365e332124f957868e94 av-special-heading-h2 blockquote modern-quote  avia-builder-el-2  avia-builder-el-no-sibling '><h2 class='av-special-heading-tag '  itemprop=\"headline\"  >Blikopdepolder &#8211; Wohnungen<\/h2><div class=\"special-heading-border\"><div class=\"special-heading-inner-border\"><\/div><\/div><\/div><\/div>\n\n<style type=\"text\/css\" data-created_by=\"avia_inline_auto\" id=\"style-css-av-l9oc2z07-7104bfcf6b50e1396ac48aab0cfadeef\">\n.flex_column.av-l9oc2z07-7104bfcf6b50e1396ac48aab0cfadeef{\npadding:40px 30px 40px 30px;\nbackground-color:#3277aa;\n}\n<\/style>\n<div  class='flex_column av-l9oc2z07-7104bfcf6b50e1396ac48aab0cfadeef av_one_third  avia-builder-el-3  el_after_av_one_full  el_before_av_two_third  first flex_column_div  column-top-margin'     ><p>\n<style type=\"text\/css\" data-created_by=\"avia_inline_auto\" id=\"style-css-av-l9oc64de-7e7ce051b47d95fabac60e08bf60d231\">\n#top .av_textblock_section.av-l9oc64de-7e7ce051b47d95fabac60e08bf60d231 .avia_textblock{\ncolor:#ffffff;\n}\n<\/style>\n<section  class='av_textblock_section av-l9oc64de-7e7ce051b47d95fabac60e08bf60d231 '   itemscope=\"itemscope\" itemtype=\"https:\/\/schema.org\/CreativeWork\" ><div class='avia_textblock av_inherit_color'  itemprop=\"text\" ><p>Stellen Sie sich vor, Sie wachen fr\u00fchmorgens auf und genie\u00dfen die Polderlandschaft und ein sch\u00f6nes Fr\u00fchst\u00fcck. Durch die Fl\u00fcgelt\u00fcren haben Sie Zugang zur Terrasse, auf der Sie sich entspannen k\u00f6nnen. In Blikopdepolder ist das m\u00f6glich!<\/p>\n<\/div><\/section><br \/>\n\n<style type=\"text\/css\" data-created_by=\"avia_inline_auto\" id=\"style-css-av-l9oc6c9v-99a19a100e160c23e7d8a01e18eb20c2\">\n#top .hr.hr-invisible.av-l9oc6c9v-99a19a100e160c23e7d8a01e18eb20c2{\nheight:30px;\n}\n<\/style>\n<div  class='hr av-l9oc6c9v-99a19a100e160c23e7d8a01e18eb20c2 hr-invisible  avia-builder-el-5  el_after_av_textblock  el_before_av_image '><span class='hr-inner '><span class=\"hr-inner-style\"><\/span><\/span><\/div><br \/>\n\n<style type=\"text\/css\" data-created_by=\"avia_inline_auto\" id=\"style-css-av-f7v8h-c5261e494d6429ce91138c912073cca8\">\n.avia-image-container.av-f7v8h-c5261e494d6429ce91138c912073cca8 img.avia_image{\nbox-shadow:none;\n}\n.avia-image-container.av-f7v8h-c5261e494d6429ce91138c912073cca8 .av-image-caption-overlay-center{\ncolor:#ffffff;\n}\n<\/style>\n<div  class='avia-image-container av-f7v8h-c5261e494d6429ce91138c912073cca8 av-styling- avia-align-center  avia-builder-el-6  el_after_av_hr  avia-builder-el-last '   itemprop=\"image\" itemscope=\"itemscope\" itemtype=\"https:\/\/schema.org\/ImageObject\" ><div class=\"avia-image-container-inner\"><div class=\"avia-image-overlay-wrap\"><img decoding=\"async\" fetchpriority=\"high\" class='wp-image-1625 avia-img-lazy-loading-not-1625 avia_image ' src=\"https:\/\/blikopdepolder.nl\/wp-content\/uploads\/2014\/04\/Blikopdepolder-lammetjes-dieren-appartementen-300x225.jpg\" alt='' title='Blikopdepolder-lammetjes-dieren-appartementen'  height=\"225\" width=\"300\"  itemprop=\"thumbnailUrl\" srcset=\"https:\/\/blikopdepolder.nl\/wp-content\/uploads\/2014\/04\/Blikopdepolder-lammetjes-dieren-appartementen-300x225.jpg 300w, https:\/\/blikopdepolder.nl\/wp-content\/uploads\/2014\/04\/Blikopdepolder-lammetjes-dieren-appartementen-768x576.jpg 768w, https:\/\/blikopdepolder.nl\/wp-content\/uploads\/2014\/04\/Blikopdepolder-lammetjes-dieren-appartementen.jpg 800w\" sizes=\"(max-width: 300px) 100vw, 300px\" \/><\/div><\/div><\/div><\/p><\/div><div  class='flex_column av-ah1jl-a1b0e4e845fcdf50b56f712ee275f471 av_two_third  avia-builder-el-7  el_after_av_one_third  avia-builder-el-last  flex_column_div  column-top-margin'     ><section  class='av_textblock_section av-l9obzibw-5080215ed6505af21997fb6c32f61dbc '   itemscope=\"itemscope\" itemtype=\"https:\/\/schema.org\/CreativeWork\" ><div class='avia_textblock'  itemprop=\"text\" ><p>Die Wohnungen bestehen aus f\u00fcnf luxuri\u00f6s eingerichteten Wohnungen. Alle Wohnungen haben eine eigene K\u00fcche und Toilette. Die Wohnungen sind ansprechend eingerichtet und verf\u00fcgen \u00fcber eine private Terrasse mit Gartenm\u00f6beln.<\/p>\n<h3>Selbstst\u00e4ndig ausgestattet<\/h3>\n<p>Die Unterk\u00fcnfte sind f\u00fcr Selbstversorger gedacht. Sie verf\u00fcgen \u00fcber folgende Ausstattung: Toilette, Dusche, K\u00fcche mit Geschirrsp\u00fcler und Mikrowelle, Gasherd mit vier Flammen, K\u00fchlschrank mit Gefrierfach, Fu\u00dfbodenheizung, Wifi-Anschluss, Fernseher mit Digitalfernsehen sowie Kaffee- und Teezubereitungsm\u00f6glichkeiten.<\/p>\n<p>Die Wohnungen k\u00f6nnen bis zu vier Personen beherbergen. Die Wohnungen haben ein eigenes Schlafzimmer mit zwei hochwertigen Boxspringbetten. Es gibt auch ein sehr gutes Doppelschlafsofa.<\/p>\n<h3>Blick \u00fcber die Wiesen<\/h3>\n<p>Alle Wohnungen haben einen ungehinderten Blick auf die Wiesen. Hier k\u00f6nnen Sie viele Pflanzen und Tiere bl\u00fchen und wachsen sehen. Das Ergebnis ist ein lebendiger und heller Ort. Dementsprechend h\u00f6ren die Wohnungen auf den Namen: Yellow Lily, Cuckoo Flower, Forget Me Not, Daisy und The Poldersuite.<\/p>\n<h3>Poldersuite<\/h3>\n<p>Die Luxuswohnung &#8218;die Poldersuite&#8216; hat eine zus\u00e4tzliche Terrasse am Wasser. Au\u00dferdem verf\u00fcgt es \u00fcber ein Himmelbett. In dieser Wohnung mit gro\u00dfz\u00fcgiger Aussicht k\u00f6nnen Sie doppelt genie\u00dfen.<\/p>\n<p>Die Wohnungen garantieren Ihnen eine erholsame Nachtruhe!<\/p>\n<p><strong>Die Wohnungen und die Poldersuite sind ab 3 \u00dcbernachtungen zu mieten.<\/strong><\/p>\n<\/div><\/section><\/div><\/p>\n","protected":false},"excerpt":{"rendered":"","protected":false},"author":2,"featured_media":1573,"parent":0,"menu_order":0,"comment_status":"closed","ping_status":"closed","template":"","meta":{"footnotes":""},"class_list":["post-1799","page","type-page","status-publish","has-post-thumbnail","hentry"],"yoast_head":"<!-- This site is optimized with the Yoast SEO plugin v27.4 - https:\/\/yoast.com\/product\/yoast-seo-wordpress\/ -->\n<title>Wohnungen - Blik op de Polder<\/title>\n<meta name=\"robots\" content=\"index, follow, max-snippet:-1, max-image-preview:large, max-video-preview:-1\" \/>\n<link rel=\"canonical\" href=\"https:\/\/blikopdepolder.nl\/de\/wohnungen\/\" \/>\n<meta property=\"og:locale\" content=\"de_DE\" \/>\n<meta property=\"og:type\" content=\"article\" \/>\n<meta property=\"og:title\" content=\"Wohnungen - Blik op de Polder\" \/>\n<meta property=\"og:url\" content=\"https:\/\/blikopdepolder.nl\/de\/wohnungen\/\" \/>\n<meta property=\"og:site_name\" content=\"Blik op de Polder\" \/>\n<meta property=\"article:publisher\" content=\"https:\/\/www.facebook.com\/blikopdepolder\" \/>\n<meta property=\"article:modified_time\" content=\"2022-11-17T09:54:57+00:00\" \/>\n<meta property=\"og:image\" content=\"https:\/\/blikopdepolder.nl\/wp-content\/uploads\/2014\/04\/koe.jpg\" \/>\n\t<meta property=\"og:image:width\" content=\"280\" \/>\n\t<meta property=\"og:image:height\" content=\"185\" \/>\n\t<meta property=\"og:image:type\" content=\"image\/jpeg\" \/>\n<meta name=\"twitter:card\" content=\"summary_large_image\" \/>\n<meta name=\"twitter:label1\" content=\"Gesch\u00e4tzte Lesezeit\" \/>\n\t<meta name=\"twitter:data1\" content=\"12\u00a0Minuten\" \/>\n<script type=\"application\/ld+json\" class=\"yoast-schema-graph\">{\"@context\":\"https:\\\/\\\/schema.org\",\"@graph\":[{\"@type\":\"WebPage\",\"@id\":\"https:\\\/\\\/blikopdepolder.nl\\\/de\\\/wohnungen\\\/\",\"url\":\"https:\\\/\\\/blikopdepolder.nl\\\/de\\\/wohnungen\\\/\",\"name\":\"Wohnungen - Blik op de Polder\",\"isPartOf\":{\"@id\":\"https:\\\/\\\/blikopdepolder.nl\\\/de\\\/#website\"},\"primaryImageOfPage\":{\"@id\":\"https:\\\/\\\/blikopdepolder.nl\\\/de\\\/wohnungen\\\/#primaryimage\"},\"image\":{\"@id\":\"https:\\\/\\\/blikopdepolder.nl\\\/de\\\/wohnungen\\\/#primaryimage\"},\"thumbnailUrl\":\"https:\\\/\\\/blikopdepolder.nl\\\/wp-content\\\/uploads\\\/2014\\\/04\\\/koe.jpg\",\"datePublished\":\"2014-04-22T08:44:42+00:00\",\"dateModified\":\"2022-11-17T09:54:57+00:00\",\"breadcrumb\":{\"@id\":\"https:\\\/\\\/blikopdepolder.nl\\\/de\\\/wohnungen\\\/#breadcrumb\"},\"inLanguage\":\"de\",\"potentialAction\":[{\"@type\":\"ReadAction\",\"target\":[\"https:\\\/\\\/blikopdepolder.nl\\\/de\\\/wohnungen\\\/\"]}]},{\"@type\":\"ImageObject\",\"inLanguage\":\"de\",\"@id\":\"https:\\\/\\\/blikopdepolder.nl\\\/de\\\/wohnungen\\\/#primaryimage\",\"url\":\"https:\\\/\\\/blikopdepolder.nl\\\/wp-content\\\/uploads\\\/2014\\\/04\\\/koe.jpg\",\"contentUrl\":\"https:\\\/\\\/blikopdepolder.nl\\\/wp-content\\\/uploads\\\/2014\\\/04\\\/koe.jpg\",\"width\":280,\"height\":185},{\"@type\":\"BreadcrumbList\",\"@id\":\"https:\\\/\\\/blikopdepolder.nl\\\/de\\\/wohnungen\\\/#breadcrumb\",\"itemListElement\":[{\"@type\":\"ListItem\",\"position\":1,\"name\":\"Home\",\"item\":\"https:\\\/\\\/blikopdepolder.nl\\\/de\\\/wohnungen-blikopdepolder-im-gruenen-herzen\\\/\"},{\"@type\":\"ListItem\",\"position\":2,\"name\":\"Wohnungen\"}]},{\"@type\":\"WebSite\",\"@id\":\"https:\\\/\\\/blikopdepolder.nl\\\/de\\\/#website\",\"url\":\"https:\\\/\\\/blikopdepolder.nl\\\/de\\\/\",\"name\":\"Blik op de Polder\",\"description\":\"Sfeervol overnachten in het Groene Hart\",\"potentialAction\":[{\"@type\":\"SearchAction\",\"target\":{\"@type\":\"EntryPoint\",\"urlTemplate\":\"https:\\\/\\\/blikopdepolder.nl\\\/de\\\/?s={search_term_string}\"},\"query-input\":{\"@type\":\"PropertyValueSpecification\",\"valueRequired\":true,\"valueName\":\"search_term_string\"}}],\"inLanguage\":\"de\"}]}<\/script>\n<!-- \/ Yoast SEO plugin. -->","yoast_head_json":{"title":"Wohnungen - Blik op de Polder","robots":{"index":"index","follow":"follow","max-snippet":"max-snippet:-1","max-image-preview":"max-image-preview:large","max-video-preview":"max-video-preview:-1"},"canonical":"https:\/\/blikopdepolder.nl\/de\/wohnungen\/","og_locale":"de_DE","og_type":"article","og_title":"Wohnungen - Blik op de Polder","og_url":"https:\/\/blikopdepolder.nl\/de\/wohnungen\/","og_site_name":"Blik op de Polder","article_publisher":"https:\/\/www.facebook.com\/blikopdepolder","article_modified_time":"2022-11-17T09:54:57+00:00","og_image":[{"width":280,"height":185,"url":"https:\/\/blikopdepolder.nl\/wp-content\/uploads\/2014\/04\/koe.jpg","type":"image\/jpeg"}],"twitter_card":"summary_large_image","twitter_misc":{"Gesch\u00e4tzte Lesezeit":"12\u00a0Minuten"},"schema":{"@context":"https:\/\/schema.org","@graph":[{"@type":"WebPage","@id":"https:\/\/blikopdepolder.nl\/de\/wohnungen\/","url":"https:\/\/blikopdepolder.nl\/de\/wohnungen\/","name":"Wohnungen - Blik op de Polder","isPartOf":{"@id":"https:\/\/blikopdepolder.nl\/de\/#website"},"primaryImageOfPage":{"@id":"https:\/\/blikopdepolder.nl\/de\/wohnungen\/#primaryimage"},"image":{"@id":"https:\/\/blikopdepolder.nl\/de\/wohnungen\/#primaryimage"},"thumbnailUrl":"https:\/\/blikopdepolder.nl\/wp-content\/uploads\/2014\/04\/koe.jpg","datePublished":"2014-04-22T08:44:42+00:00","dateModified":"2022-11-17T09:54:57+00:00","breadcrumb":{"@id":"https:\/\/blikopdepolder.nl\/de\/wohnungen\/#breadcrumb"},"inLanguage":"de","potentialAction":[{"@type":"ReadAction","target":["https:\/\/blikopdepolder.nl\/de\/wohnungen\/"]}]},{"@type":"ImageObject","inLanguage":"de","@id":"https:\/\/blikopdepolder.nl\/de\/wohnungen\/#primaryimage","url":"https:\/\/blikopdepolder.nl\/wp-content\/uploads\/2014\/04\/koe.jpg","contentUrl":"https:\/\/blikopdepolder.nl\/wp-content\/uploads\/2014\/04\/koe.jpg","width":280,"height":185},{"@type":"BreadcrumbList","@id":"https:\/\/blikopdepolder.nl\/de\/wohnungen\/#breadcrumb","itemListElement":[{"@type":"ListItem","position":1,"name":"Home","item":"https:\/\/blikopdepolder.nl\/de\/wohnungen-blikopdepolder-im-gruenen-herzen\/"},{"@type":"ListItem","position":2,"name":"Wohnungen"}]},{"@type":"WebSite","@id":"https:\/\/blikopdepolder.nl\/de\/#website","url":"https:\/\/blikopdepolder.nl\/de\/","name":"Blik op de Polder","description":"Sfeervol overnachten in het Groene Hart","potentialAction":[{"@type":"SearchAction","target":{"@type":"EntryPoint","urlTemplate":"https:\/\/blikopdepolder.nl\/de\/?s={search_term_string}"},"query-input":{"@type":"PropertyValueSpecification","valueRequired":true,"valueName":"search_term_string"}}],"inLanguage":"de"}]}},"_links":{"self":[{"href":"https:\/\/blikopdepolder.nl\/de\/wp-json\/wp\/v2\/pages\/1799","targetHints":{"allow":["GET"]}}],"collection":[{"href":"https:\/\/blikopdepolder.nl\/de\/wp-json\/wp\/v2\/pages"}],"about":[{"href":"https:\/\/blikopdepolder.nl\/de\/wp-json\/wp\/v2\/types\/page"}],"author":[{"embeddable":true,"href":"https:\/\/blikopdepolder.nl\/de\/wp-json\/wp\/v2\/users\/2"}],"replies":[{"embeddable":true,"href":"https:\/\/blikopdepolder.nl\/de\/wp-json\/wp\/v2\/comments?post=1799"}],"version-history":[{"count":2,"href":"https:\/\/blikopdepolder.nl\/de\/wp-json\/wp\/v2\/pages\/1799\/revisions"}],"predecessor-version":[{"id":1801,"href":"https:\/\/blikopdepolder.nl\/de\/wp-json\/wp\/v2\/pages\/1799\/revisions\/1801"}],"wp:featuredmedia":[{"embeddable":true,"href":"https:\/\/blikopdepolder.nl\/de\/wp-json\/wp\/v2\/media\/1573"}],"wp:attachment":[{"href":"https:\/\/blikopdepolder.nl\/de\/wp-json\/wp\/v2\/media?parent=1799"}],"curies":[{"name":"wp","href":"https:\/\/api.w.org\/{rel}","templated":true}]}}