{"id":1774,"date":"2014-04-22T10:52:19","date_gmt":"2014-04-22T08:52:19","guid":{"rendered":"https:\/\/blikopdepolder.nl\/informationen\/"},"modified":"2022-11-17T10:40:13","modified_gmt":"2022-11-17T09:40:13","slug":"informationen","status":"publish","type":"page","link":"https:\/\/blikopdepolder.nl\/de\/informationen\/","title":{"rendered":"Informationen"},"content":{"rendered":"\n<style type=\"text\/css\" data-created_by=\"avia_inline_auto\" id=\"style-css-av-10vanj-96d1f86fbd9be35f3f531f941435a495\">\n.avia-section.av-10vanj-96d1f86fbd9be35f3f531f941435a495 .av-parallax .av-parallax-inner{\nbackground-repeat:no-repeat;\nbackground-image:url(https:\/\/blikopdepolder.nl\/wp-content\/uploads\/2014\/05\/bg3.jpg);\nbackground-position:0% 0%;\nbackground-attachment:scroll;\n}\n<\/style>\n<div id='av_section_1'  class='avia-section av-10vanj-96d1f86fbd9be35f3f531f941435a495 main_color avia-section-default avia-no-border-styling  avia-builder-el-0  el_before_av_one_full  avia-builder-el-first  av-parallax-section avia-bg-style-parallax av-minimum-height av-minimum-height-50 av-height-50  container_wrap fullsize'  data-section-bg-repeat='no-repeat' data-av_minimum_height_pc='50' data-av_min_height_opt='50'><div class='av-parallax' data-avia-parallax-ratio='0.3' ><div class='av-parallax-inner main_color avia-full-stretch'><\/div><\/div><div class='container av-section-cont-open' ><main  role=\"main\" itemprop=\"mainContentOfPage\"  class='template-page content  av-content-full alpha units'><div class='post-entry post-entry-type-page post-entry-1774'><div class='entry-content-wrapper clearfix'><\/div><\/div><\/main><!-- close content main element --><\/div><\/div><div id='after_section_1'  class='main_color av_default_container_wrap container_wrap fullsize'  ><div class='container av-section-cont-open' ><div class='template-page content  av-content-full alpha units'><div class='post-entry post-entry-type-page post-entry-1774'><div class='entry-content-wrapper clearfix'>\n<div  class='flex_column av-uecun-c294b2da7d524237326fe8032573fa49 av_one_full  avia-builder-el-1  el_after_av_section  el_before_av_one_third  avia-builder-el-first  first flex_column_div  '     ><style type=\"text\/css\" data-created_by=\"avia_inline_auto\" id=\"style-css-av-l9o60i4g-bf4cf5a4e6abbcd605f9af321183e76e\">\n#top .av-special-heading.av-l9o60i4g-bf4cf5a4e6abbcd605f9af321183e76e{\npadding-bottom:10px;\n}\nbody .av-special-heading.av-l9o60i4g-bf4cf5a4e6abbcd605f9af321183e76e .av-special-heading-tag .heading-char{\nfont-size:25px;\n}\n.av-special-heading.av-l9o60i4g-bf4cf5a4e6abbcd605f9af321183e76e .av-subheading{\nfont-size:15px;\n}\n<\/style>\n<div  class='av-special-heading av-l9o60i4g-bf4cf5a4e6abbcd605f9af321183e76e av-special-heading-h2 blockquote modern-quote  avia-builder-el-2  avia-builder-el-no-sibling '><h2 class='av-special-heading-tag '  itemprop=\"headline\"  >blikopdepolder &#8211; Informationen<\/h2><div class=\"special-heading-border\"><div class=\"special-heading-inner-border\"><\/div><\/div><\/div><\/div>\n\n<style type=\"text\/css\" data-created_by=\"avia_inline_auto\" id=\"style-css-av-l9o61dnw-e7920bee171a3dda71cd8b6add2ad775\">\n.flex_column.av-l9o61dnw-e7920bee171a3dda71cd8b6add2ad775{\npadding:40px 30px 40px 30px;\nbackground-color:#3277aa;\n}\n<\/style>\n<div  class='flex_column av-l9o61dnw-e7920bee171a3dda71cd8b6add2ad775 av_one_third  avia-builder-el-3  el_after_av_one_full  el_before_av_two_third  first flex_column_div  column-top-margin'     ><p>\n<style type=\"text\/css\" data-created_by=\"avia_inline_auto\" id=\"style-css-av-l9o63ddm-ff1a11cacef11e0e4cfda873e418ace9\">\n#top .av_textblock_section.av-l9o63ddm-ff1a11cacef11e0e4cfda873e418ace9 .avia_textblock{\ncolor:#ffffff;\n}\n<\/style>\n<section  class='av_textblock_section av-l9o63ddm-ff1a11cacef11e0e4cfda873e418ace9 '   itemscope=\"itemscope\" itemtype=\"https:\/\/schema.org\/CreativeWork\" ><div class='avia_textblock av_inherit_color'  itemprop=\"text\" ><p>Wenn Sie weitere Informationen w\u00fcnschen, f\u00fcllen Sie bitte das Formular auf der rechten Seite aus oder verwenden Sie das allgemeine Kontaktformular. Sie k\u00f6nnen auch anrufen: 06-23179236<\/p>\n<\/div><\/section><br \/>\n\n<style type=\"text\/css\" data-created_by=\"avia_inline_auto\" id=\"style-css-av-pr5k7-d234def6a932da688747627ccb15bede\">\n#top .hr.hr-invisible.av-pr5k7-d234def6a932da688747627ccb15bede{\nheight:30px;\n}\n<\/style>\n<div  class='hr av-pr5k7-d234def6a932da688747627ccb15bede hr-invisible  avia-builder-el-5  el_after_av_textblock  el_before_av_image '><span class='hr-inner '><span class=\"hr-inner-style\"><\/span><\/span><\/div><br \/>\n\n<style type=\"text\/css\" data-created_by=\"avia_inline_auto\" id=\"style-css-av-n4tq7-ec5991a6f1b94213a125d50a5d597432\">\n.avia-image-container.av-n4tq7-ec5991a6f1b94213a125d50a5d597432 img.avia_image{\nbox-shadow:none;\n}\n.avia-image-container.av-n4tq7-ec5991a6f1b94213a125d50a5d597432 .av-image-caption-overlay-center{\ncolor:#ffffff;\n}\n<\/style>\n<div  class='avia-image-container av-n4tq7-ec5991a6f1b94213a125d50a5d597432 av-styling- avia-align-center  avia-builder-el-6  el_after_av_hr  avia-builder-el-last '   itemprop=\"image\" itemscope=\"itemscope\" itemtype=\"https:\/\/schema.org\/ImageObject\" ><div class=\"avia-image-container-inner\"><div class=\"avia-image-overlay-wrap\"><img decoding=\"async\" fetchpriority=\"high\" class='wp-image-1633 avia-img-lazy-loading-not-1633 avia_image ' src=\"https:\/\/blikopdepolder.nl\/wp-content\/uploads\/2014\/04\/Blikopdepolder-overnachten-boerderij-poes-300x225.jpg\" alt='' title='Blikopdepolder-overnachten-boerderij-poes'  height=\"225\" width=\"300\"  itemprop=\"thumbnailUrl\" srcset=\"https:\/\/blikopdepolder.nl\/wp-content\/uploads\/2014\/04\/Blikopdepolder-overnachten-boerderij-poes-300x225.jpg 300w, https:\/\/blikopdepolder.nl\/wp-content\/uploads\/2014\/04\/Blikopdepolder-overnachten-boerderij-poes-768x576.jpg 768w, https:\/\/blikopdepolder.nl\/wp-content\/uploads\/2014\/04\/Blikopdepolder-overnachten-boerderij-poes.jpg 800w\" sizes=\"(max-width: 300px) 100vw, 300px\" \/><\/div><\/div><\/div><\/p><\/div>\n\n<style type=\"text\/css\" data-created_by=\"avia_inline_auto\" id=\"style-css-av-1s5nr-0ff52d987172b52122f4d1c6a7172193\">\n.flex_column.av-1s5nr-0ff52d987172b52122f4d1c6a7172193{\npadding:40px 30px 40px 30px;\n}\n<\/style>\n<div  class='flex_column av-1s5nr-0ff52d987172b52122f4d1c6a7172193 av_two_third  avia-builder-el-7  el_after_av_one_third  avia-builder-el-last  flex_column_div  column-top-margin'     ><\/div>\n","protected":false},"excerpt":{"rendered":"","protected":false},"author":2,"featured_media":1669,"parent":0,"menu_order":0,"comment_status":"closed","ping_status":"closed","template":"","meta":{"footnotes":""},"class_list":["post-1774","page","type-page","status-publish","has-post-thumbnail","hentry"],"yoast_head":"<!-- This site is optimized with the Yoast SEO plugin v27.3 - https:\/\/yoast.com\/product\/yoast-seo-wordpress\/ -->\n<title>Informationen - Blik op de Polder<\/title>\n<meta name=\"robots\" content=\"index, follow, max-snippet:-1, max-image-preview:large, max-video-preview:-1\" \/>\n<link rel=\"canonical\" href=\"https:\/\/blikopdepolder.nl\/de\/informationen\/\" \/>\n<meta property=\"og:locale\" content=\"de_DE\" \/>\n<meta property=\"og:type\" content=\"article\" \/>\n<meta property=\"og:title\" content=\"Informationen - Blik op de Polder\" \/>\n<meta property=\"og:url\" content=\"https:\/\/blikopdepolder.nl\/de\/informationen\/\" \/>\n<meta property=\"og:site_name\" content=\"Blik op de Polder\" \/>\n<meta property=\"article:publisher\" content=\"https:\/\/www.facebook.com\/blikopdepolder\" \/>\n<meta property=\"article:modified_time\" content=\"2022-11-17T09:40:13+00:00\" \/>\n<meta property=\"og:image\" content=\"https:\/\/blikopdepolder.nl\/wp-content\/uploads\/2014\/04\/Blikopdepolder-gastenverblijf-groenehart1.jpg\" \/>\n\t<meta property=\"og:image:width\" content=\"850\" \/>\n\t<meta property=\"og:image:height\" content=\"566\" \/>\n\t<meta property=\"og:image:type\" content=\"image\/jpeg\" \/>\n<meta name=\"twitter:card\" content=\"summary_large_image\" \/>\n<meta name=\"twitter:label1\" content=\"Gesch\u00e4tzte Lesezeit\" \/>\n\t<meta name=\"twitter:data1\" content=\"11\u00a0Minuten\" \/>\n<script type=\"application\/ld+json\" class=\"yoast-schema-graph\">{\"@context\":\"https:\\\/\\\/schema.org\",\"@graph\":[{\"@type\":\"WebPage\",\"@id\":\"https:\\\/\\\/blikopdepolder.nl\\\/de\\\/informationen\\\/\",\"url\":\"https:\\\/\\\/blikopdepolder.nl\\\/de\\\/informationen\\\/\",\"name\":\"Informationen - Blik op de Polder\",\"isPartOf\":{\"@id\":\"https:\\\/\\\/blikopdepolder.nl\\\/de\\\/#website\"},\"primaryImageOfPage\":{\"@id\":\"https:\\\/\\\/blikopdepolder.nl\\\/de\\\/informationen\\\/#primaryimage\"},\"image\":{\"@id\":\"https:\\\/\\\/blikopdepolder.nl\\\/de\\\/informationen\\\/#primaryimage\"},\"thumbnailUrl\":\"https:\\\/\\\/blikopdepolder.nl\\\/wp-content\\\/uploads\\\/2014\\\/04\\\/Blikopdepolder-gastenverblijf-groenehart1.jpg\",\"datePublished\":\"2014-04-22T08:52:19+00:00\",\"dateModified\":\"2022-11-17T09:40:13+00:00\",\"breadcrumb\":{\"@id\":\"https:\\\/\\\/blikopdepolder.nl\\\/de\\\/informationen\\\/#breadcrumb\"},\"inLanguage\":\"de\",\"potentialAction\":[{\"@type\":\"ReadAction\",\"target\":[\"https:\\\/\\\/blikopdepolder.nl\\\/de\\\/informationen\\\/\"]}]},{\"@type\":\"ImageObject\",\"inLanguage\":\"de\",\"@id\":\"https:\\\/\\\/blikopdepolder.nl\\\/de\\\/informationen\\\/#primaryimage\",\"url\":\"https:\\\/\\\/blikopdepolder.nl\\\/wp-content\\\/uploads\\\/2014\\\/04\\\/Blikopdepolder-gastenverblijf-groenehart1.jpg\",\"contentUrl\":\"https:\\\/\\\/blikopdepolder.nl\\\/wp-content\\\/uploads\\\/2014\\\/04\\\/Blikopdepolder-gastenverblijf-groenehart1.jpg\",\"width\":850,\"height\":566},{\"@type\":\"BreadcrumbList\",\"@id\":\"https:\\\/\\\/blikopdepolder.nl\\\/de\\\/informationen\\\/#breadcrumb\",\"itemListElement\":[{\"@type\":\"ListItem\",\"position\":1,\"name\":\"Home\",\"item\":\"https:\\\/\\\/blikopdepolder.nl\\\/de\\\/wohnungen-blikopdepolder-im-gruenen-herzen\\\/\"},{\"@type\":\"ListItem\",\"position\":2,\"name\":\"Informationen\"}]},{\"@type\":\"WebSite\",\"@id\":\"https:\\\/\\\/blikopdepolder.nl\\\/de\\\/#website\",\"url\":\"https:\\\/\\\/blikopdepolder.nl\\\/de\\\/\",\"name\":\"Blik op de Polder\",\"description\":\"Sfeervol overnachten in het Groene Hart\",\"potentialAction\":[{\"@type\":\"SearchAction\",\"target\":{\"@type\":\"EntryPoint\",\"urlTemplate\":\"https:\\\/\\\/blikopdepolder.nl\\\/de\\\/?s={search_term_string}\"},\"query-input\":{\"@type\":\"PropertyValueSpecification\",\"valueRequired\":true,\"valueName\":\"search_term_string\"}}],\"inLanguage\":\"de\"}]}<\/script>\n<!-- \/ Yoast SEO plugin. -->","yoast_head_json":{"title":"Informationen - Blik op de Polder","robots":{"index":"index","follow":"follow","max-snippet":"max-snippet:-1","max-image-preview":"max-image-preview:large","max-video-preview":"max-video-preview:-1"},"canonical":"https:\/\/blikopdepolder.nl\/de\/informationen\/","og_locale":"de_DE","og_type":"article","og_title":"Informationen - Blik op de Polder","og_url":"https:\/\/blikopdepolder.nl\/de\/informationen\/","og_site_name":"Blik op de Polder","article_publisher":"https:\/\/www.facebook.com\/blikopdepolder","article_modified_time":"2022-11-17T09:40:13+00:00","og_image":[{"width":850,"height":566,"url":"https:\/\/blikopdepolder.nl\/wp-content\/uploads\/2014\/04\/Blikopdepolder-gastenverblijf-groenehart1.jpg","type":"image\/jpeg"}],"twitter_card":"summary_large_image","twitter_misc":{"Gesch\u00e4tzte Lesezeit":"11\u00a0Minuten"},"schema":{"@context":"https:\/\/schema.org","@graph":[{"@type":"WebPage","@id":"https:\/\/blikopdepolder.nl\/de\/informationen\/","url":"https:\/\/blikopdepolder.nl\/de\/informationen\/","name":"Informationen - Blik op de Polder","isPartOf":{"@id":"https:\/\/blikopdepolder.nl\/de\/#website"},"primaryImageOfPage":{"@id":"https:\/\/blikopdepolder.nl\/de\/informationen\/#primaryimage"},"image":{"@id":"https:\/\/blikopdepolder.nl\/de\/informationen\/#primaryimage"},"thumbnailUrl":"https:\/\/blikopdepolder.nl\/wp-content\/uploads\/2014\/04\/Blikopdepolder-gastenverblijf-groenehart1.jpg","datePublished":"2014-04-22T08:52:19+00:00","dateModified":"2022-11-17T09:40:13+00:00","breadcrumb":{"@id":"https:\/\/blikopdepolder.nl\/de\/informationen\/#breadcrumb"},"inLanguage":"de","potentialAction":[{"@type":"ReadAction","target":["https:\/\/blikopdepolder.nl\/de\/informationen\/"]}]},{"@type":"ImageObject","inLanguage":"de","@id":"https:\/\/blikopdepolder.nl\/de\/informationen\/#primaryimage","url":"https:\/\/blikopdepolder.nl\/wp-content\/uploads\/2014\/04\/Blikopdepolder-gastenverblijf-groenehart1.jpg","contentUrl":"https:\/\/blikopdepolder.nl\/wp-content\/uploads\/2014\/04\/Blikopdepolder-gastenverblijf-groenehart1.jpg","width":850,"height":566},{"@type":"BreadcrumbList","@id":"https:\/\/blikopdepolder.nl\/de\/informationen\/#breadcrumb","itemListElement":[{"@type":"ListItem","position":1,"name":"Home","item":"https:\/\/blikopdepolder.nl\/de\/wohnungen-blikopdepolder-im-gruenen-herzen\/"},{"@type":"ListItem","position":2,"name":"Informationen"}]},{"@type":"WebSite","@id":"https:\/\/blikopdepolder.nl\/de\/#website","url":"https:\/\/blikopdepolder.nl\/de\/","name":"Blik op de Polder","description":"Sfeervol overnachten in het Groene Hart","potentialAction":[{"@type":"SearchAction","target":{"@type":"EntryPoint","urlTemplate":"https:\/\/blikopdepolder.nl\/de\/?s={search_term_string}"},"query-input":{"@type":"PropertyValueSpecification","valueRequired":true,"valueName":"search_term_string"}}],"inLanguage":"de"}]}},"_links":{"self":[{"href":"https:\/\/blikopdepolder.nl\/de\/wp-json\/wp\/v2\/pages\/1774","targetHints":{"allow":["GET"]}}],"collection":[{"href":"https:\/\/blikopdepolder.nl\/de\/wp-json\/wp\/v2\/pages"}],"about":[{"href":"https:\/\/blikopdepolder.nl\/de\/wp-json\/wp\/v2\/types\/page"}],"author":[{"embeddable":true,"href":"https:\/\/blikopdepolder.nl\/de\/wp-json\/wp\/v2\/users\/2"}],"replies":[{"embeddable":true,"href":"https:\/\/blikopdepolder.nl\/de\/wp-json\/wp\/v2\/comments?post=1774"}],"version-history":[{"count":2,"href":"https:\/\/blikopdepolder.nl\/de\/wp-json\/wp\/v2\/pages\/1774\/revisions"}],"predecessor-version":[{"id":1776,"href":"https:\/\/blikopdepolder.nl\/de\/wp-json\/wp\/v2\/pages\/1774\/revisions\/1776"}],"wp:featuredmedia":[{"embeddable":true,"href":"https:\/\/blikopdepolder.nl\/de\/wp-json\/wp\/v2\/media\/1669"}],"wp:attachment":[{"href":"https:\/\/blikopdepolder.nl\/de\/wp-json\/wp\/v2\/media?parent=1774"}],"curies":[{"name":"wp","href":"https:\/\/api.w.org\/{rel}","templated":true}]}}